{"id":554,"date":"2024-06-20T20:24:19","date_gmt":"2024-06-20T20:24:19","guid":{"rendered":"https:\/\/kekeliacademy.com\/product\/ark-forging\/"},"modified":"2025-04-06T00:49:09","modified_gmt":"2025-04-06T00:49:09","slug":"self-paced-pecb-lead-scada-security-manager","status":"publish","type":"product","link":"https:\/\/kekeliacademy.com\/en\/product\/self-paced-pecb-lead-scada-security-manager\/","title":{"rendered":"Self Paced PECB Lead SCADA Security Manager"},"content":{"rendered":"<p><strong>Buy this Self Paced training course<\/strong>\u00a0(at your own pace) and receive the courses, quizzes, exercises and the code to take the exam within a period of 1 year<\/p>\n<p>The option\u00a0<strong>Self Paced<\/strong>\u00a0gives you :<\/p>\n<ul>\n<li><strong>Self-paced online course support in the KATE web or desktop application<\/strong>\u00a0with exercises and quizzes and their answers<\/li>\n<li><strong>The exam voucher with a retake\u00a0<\/strong>: you will have one year to take the exam from the moment the voucher is generated<\/li>\n<li><strong>PECB certification\u00a0<\/strong>: you will receive your certification as soon as you have validated your exam and fulfilled the necessary conditions<\/li>\n<\/ul>\n<h1 class=\"wp-block-heading\">Lead SCADA Security Manager<\/h1>\n<h2>Qu\u2019est-ce que le syst\u00e8me SCADA ?<\/h2>\n<p>SCADA &#8211; Supervisory Control and Data Acquisition (Syst\u00e8me de contr\u00f4le et d\u2019acquisition de donn\u00e9es) est un syst\u00e8me de cadre applicatif industriel qui comprend \u00e0 la fois l&rsquo;architecture mat\u00e9rielle et logicielle pour contr\u00f4ler, surveiller et analyser un processus industriel. SCADA est un logiciel d&rsquo;application qui permet aux gestionnaires, aux ing\u00e9nieurs et aux op\u00e9rateurs de l&rsquo;industrie de superviser et de communiquer efficacement avec l&rsquo;environnement de travail.<\/p>\n<p>En tant que logiciel d&rsquo;application, SCADA est con\u00e7u pour aider les experts de l&rsquo;industrie \u00e0 maintenir et \u00e0 am\u00e9liorer les processus industriels. Par cons\u00e9quent, l&rsquo;objectif de SCADA est de collecter des donn\u00e9es en temps r\u00e9el, de stocker, de traiter et de g\u00e9n\u00e9rer des rapports pour les processus industriels complexes.<\/p>\n<h2>Pourquoi est-il important d\u2019avoir un syst\u00e8me s\u00e9curis\u00e9 SCADA ?<\/h2>\n<div>SCADA est un outil essentiel qui fournit des syst\u00e8mes de r\u00e9seau, des technologies et des normes de communication et de s\u00e9curit\u00e9 qui sont n\u00e9cessaires pour faciliter la maintenance des processus industriels. L&rsquo;application de la technologie est importante pour les professionnels pour \u00a0innover et d\u00e9velopper des processus qui aideront les industries dans un proche avenir.<\/div>\n<div><\/div>\n<div>L&rsquo;objectif de SCADA est de fournir aux professionnels des techniques pour choisir, planifier et concevoir des technologies pour am\u00e9liorer les processus m\u00e9tier et autres services. En outre, SCADA aidera les professionnels \u00e0 apprendre les comp\u00e9tences requises essentielles pour planifier, diriger, exploiter et g\u00e9rer un syst\u00e8me de projet dans un environnement de travail. L&rsquo;importance de SCADA r\u00e9side dans syst\u00e8me d&rsquo;automatisation qui permet \u00e0 l&rsquo;organisation et aux professionnels d&rsquo;anticiper les incertitudes li\u00e9es au risque, de r\u00e9duire les co\u00fbts d&rsquo;investissement, de maintenance et d&rsquo;\u00e9tudier des r\u00e9ponses optimales \u00e0 la continuit\u00e9 des processus industriels.<\/div>\n<h2>Les avantages de la certification SCADA Security Manager<\/h2>\n<p>En devenant certifi\u00e9 SCADA Security Manager vous serez apte \u00e0 :<\/p>\n<ul>\n<li>D\u00e9velopper un cadre d&rsquo;appr\u00e9ciation de la vuln\u00e9rabilit\u00e9 dans SCADA Security<\/li>\n<li>Am\u00e9liorer le contr\u00f4le d&rsquo;acc\u00e8s et la gestion de l&rsquo;authentification<\/li>\n<li>Maximiser votre productivit\u00e9 et am\u00e9liorer la qualit\u00e9 du produit<\/li>\n<li>R\u00e9duire vos co\u00fbts d&rsquo;exploitation et de maintenance<\/li>\n<li>Atteindre des investissements rentables \u00e0 long terme<\/li>\n<\/ul>\n<h2>Comment pouvons-nous vous accompagner pour votre formation SCADA ?<\/h2>\n<p>Ce cours de formation PECB est con\u00e7u pour aider les gestionnaires, les superviseurs et les op\u00e9rateurs dans le domaine de l&rsquo;informatique \u00e0 d\u00e9couvrir comment configurer les outils et les fonctionnalit\u00e9s n\u00e9cessaires pour d\u00e9velopper et organiser des projets SCADA dans les processus industriels. Les formateurs PECB sont des professionnels qualifi\u00e9s et exp\u00e9riment\u00e9s qui souhaitent partager leurs connaissances et vous aider \u00e0 atteindre l&rsquo;objectif de devenir un Responsable de s\u00e9curit\u00e9 SCADA (Lead SCADA Security Manager) certifi\u00e9 PECB.<\/p>\n<p><a href=\"https:\/\/pecb.com\/fr\/contact-us\">Contactez-nous pour commencer vos d\u00e9marches<\/a><\/p>\n<h2>La formation PECB Certified Lead SCADA Security Manager disponible<\/h2>\n<p>En participant au cours de formation de PECB vous obtiendrez les connaissances et la confiance requises pour obtenir une certification professionnelle et am\u00e9liorer votre carri\u00e8re. Saisissez l&rsquo;opportunit\u00e9 et participez au cours de formation suivant pour devenir un Responsable SCADA Security Manager.<\/p>","protected":false},"excerpt":{"rendered":"<p><strong>Buy this Self Paced training course<\/strong>\u00a0(at your own pace) and receive the courses, quizzes, exercises and the code to take the exam within a period of 1 year<\/p>","protected":false},"featured_media":1590,"comment_status":"open","ping_status":"closed","template":"","meta":{"site-sidebar-layout":"default","site-content-layout":"default","ast-site-content-layout":"default","site-content-style":"default","site-sidebar-style":"default","ast-global-header-display":"","ast-banner-title-visibility":"","ast-main-header-display":"","ast-hfb-above-header-display":"","ast-hfb-below-header-display":"","ast-hfb-mobile-header-display":"","site-post-title":"","ast-breadcrumbs-content":"","ast-featured-img":"","footer-sml-layout":"","ast-disable-related-posts":"","theme-transparent-header-meta":"default","adv-header-id-meta":"","stick-header-meta":"","header-above-stick-meta":"","header-main-stick-meta":"","header-below-stick-meta":"","astra-migrate-meta-layouts":"set","ast-page-background-enabled":"default","ast-page-background-meta":{"desktop":{"background-color":"","background-image":"","background-repeat":"repeat","background-position":"center center","background-size":"auto","background-attachment":"scroll","background-type":"","background-media":"","overlay-type":"","overlay-color":"","overlay-opacity":"","overlay-gradient":""},"tablet":{"background-color":"","background-image":"","background-repeat":"repeat","background-position":"center center","background-size":"auto","background-attachment":"scroll","background-type":"","background-media":"","overlay-type":"","overlay-color":"","overlay-opacity":"","overlay-gradient":""},"mobile":{"background-color":"","background-image":"","background-repeat":"repeat","background-position":"center center","background-size":"auto","background-attachment":"scroll","background-type":"","background-media":"","overlay-type":"","overlay-color":"","overlay-opacity":"","overlay-gradient":""}},"ast-content-background-meta":{"desktop":{"background-color":"var(--ast-global-color-5)","background-image":"","background-repeat":"repeat","background-position":"center center","background-size":"auto","background-attachment":"scroll","background-type":"","background-media":"","overlay-type":"","overlay-color":"","overlay-opacity":"","overlay-gradient":""},"tablet":{"background-color":"var(--ast-global-color-5)","background-image":"","background-repeat":"repeat","background-position":"center center","background-size":"auto","background-attachment":"scroll","background-type":"","background-media":"","overlay-type":"","overlay-color":"","overlay-opacity":"","overlay-gradient":""},"mobile":{"background-color":"var(--ast-global-color-5)","background-image":"","background-repeat":"repeat","background-position":"center center","background-size":"auto","background-attachment":"scroll","background-type":"","background-media":"","overlay-type":"","overlay-color":"","overlay-opacity":"","overlay-gradient":""}}},"product_brand":[],"product_cat":[36],"product_tag":[37,44,62,39],"class_list":{"0":"post-554","1":"product","2":"type-product","3":"status-publish","4":"has-post-thumbnail","6":"product_cat-none","7":"product_tag-certification-iso","8":"product_tag-cybersecurity","9":"product_tag-pecb-iso-37301-lead-auditor","10":"product_tag-voucher","11":"desktop-align-left","12":"tablet-align-left","13":"mobile-align-left","15":"first","16":"instock","17":"sale","18":"taxable","19":"shipping-taxable","20":"purchasable","21":"product-type-simple"},"_links":{"self":[{"href":"https:\/\/kekeliacademy.com\/en\/wp-json\/wp\/v2\/product\/554","targetHints":{"allow":["GET"]}}],"collection":[{"href":"https:\/\/kekeliacademy.com\/en\/wp-json\/wp\/v2\/product"}],"about":[{"href":"https:\/\/kekeliacademy.com\/en\/wp-json\/wp\/v2\/types\/product"}],"replies":[{"embeddable":true,"href":"https:\/\/kekeliacademy.com\/en\/wp-json\/wp\/v2\/comments?post=554"}],"wp:featuredmedia":[{"embeddable":true,"href":"https:\/\/kekeliacademy.com\/en\/wp-json\/wp\/v2\/media\/1590"}],"wp:attachment":[{"href":"https:\/\/kekeliacademy.com\/en\/wp-json\/wp\/v2\/media?parent=554"}],"wp:term":[{"taxonomy":"product_brand","embeddable":true,"href":"https:\/\/kekeliacademy.com\/en\/wp-json\/wp\/v2\/product_brand?post=554"},{"taxonomy":"product_cat","embeddable":true,"href":"https:\/\/kekeliacademy.com\/en\/wp-json\/wp\/v2\/product_cat?post=554"},{"taxonomy":"product_tag","embeddable":true,"href":"https:\/\/kekeliacademy.com\/en\/wp-json\/wp\/v2\/product_tag?post=554"}],"curies":[{"name":"wp","href":"https:\/\/api.w.org\/{rel}","templated":true}]}}