{"id":470,"date":"2024-06-20T20:24:19","date_gmt":"2024-06-20T20:24:19","guid":{"rendered":"https:\/\/kekeliacademy.com\/product\/the-sons-of-the-empire\/"},"modified":"2025-05-23T10:51:53","modified_gmt":"2025-05-23T10:51:53","slug":"self-paced-pecb-digital-transformation-officer","status":"publish","type":"product","link":"https:\/\/kekeliacademy.com\/en\/product\/self-paced-pecb-digital-transformation-officer\/","title":{"rendered":"Formation en Self Paced PECB Digital Transformation Officer"},"content":{"rendered":"<p><strong>Buy this Self Paced training course<\/strong>\u00a0(at your own pace) and receive the courses, quizzes, exercises and the code to take the exam within a period of 1 year<\/p>\n<p>The option\u00a0<strong>Self Paced<\/strong>\u00a0gives you :<\/p>\n<ul>\n<li><strong>Self-paced online course support in the KATE web or desktop application<\/strong>\u00a0with exercises and quizzes and their answers<\/li>\n<li><strong>The exam voucher with a retake\u00a0<\/strong>: you will have one year to take the exam from the moment the voucher is generated<\/li>\n<li><strong>PECB certification\u00a0<\/strong>: you will receive your certification as soon as you have validated your exam and fulfilled the necessary conditions<\/li>\n<\/ul>\n<h1 class=\"primary-title\">Digital Transformation Officer<\/h1>\n<div>\n<div id=\"4729\">\n<p>La formation Certified Digital Transformation Officer offre aux participants des outils et des connaissances pour arriver \u00e0 int\u00e9grer avec succ\u00e8s les technologies informatiques dans les processus des organismes ; transformant ainsi la mani\u00e8re avec laquelle ces organismes fonctionnent et fournissent des produits et des services.<\/p>\n<h2>Why should you attend?<\/h2>\n<p>Bien que la transformation num\u00e9rique permette aux organismes d\u2019am\u00e9liorer l\u2019exp\u00e9rience client, d\u2019accro\u00eetre la performance et d\u2019augmenter l\u2019efficacit\u00e9, sa mise en \u0153uvre n\u2019est pas \u00e9vidente. En effet, elle n\u00e9cessite, entre autres, un personnel aux comp\u00e9tences particuli\u00e8res, des ressources pr\u00e9cises, y compris des logiciels et des technologies complexes, des changements dans la structure organisationnelle et la mise en \u0153uvre de strat\u00e9gies de gestion du changement et de transformation num\u00e9rique. Les organismes ont besoin d\u2019un professionnel dot\u00e9 des comp\u00e9tences d\u2019un \u00ab Certified Digital Transformation Officer \u00bb (CDTO) pour aborder et g\u00e9rer ces aspects de mani\u00e8re efficace.<\/p>\n<p>La formation PECB Certified Digital Transformation Officer fournit des informations pertinentes qui aideront les participants \u00e0 acqu\u00e9rir une connaissance compl\u00e8te en mati\u00e8re de transformation num\u00e9rique et des \u00e9tapes requises pour assurer la transformation num\u00e9rique d\u2019un mod\u00e8le d\u2019entreprise. Ce cours aborde \u00e9galement des notions approfondies sur les m\u00e9thodologies et les approches relatives \u00e0 la transformation num\u00e9rique. De plus, elle offre aux participants des connaissances sur certaines des technologies les plus usuelles, tel que l\u2019intelligence artificielle, l\u2019apprentissage automatique, l\u2019IoT, la blockchain, le cloud computing et le big data.<\/p>\n<p>\u00c0 l\u2019issue de la formation et apr\u00e8s passage \u00e0 l\u2019examen, les participants peuvent demander la certification \u00ab PECB Certified Digital Transformation Officer \u00bb.<\/p>\n<h2>Who can Attend?<\/h2>\n<p>Cette formation est destin\u00e9e :<\/p>\n<ul>\n<li>Aux responsables et dirigeants qui souhaitent se perfectionner dans l\u2019\u00e9conomie num\u00e9rique<\/li>\n<li>Aux professionnels charg\u00e9s de transformer les op\u00e9rations d\u2019un organisme par le moyen de technologies num\u00e9riques<\/li>\n<li>Aux sp\u00e9cialistes de l\u2019informatique ou aux consultants qui souhaitent am\u00e9liorer leurs connaissances en mati\u00e8re de conception et de strat\u00e9gie num\u00e9riques afin de soutenir les initiatives de transformation num\u00e9rique d\u2019un organisme<\/li>\n<li>Aux cadres dirigeants dans les entreprises du secteur num\u00e9rique, de l\u2019information, du marketing et de l\u2019informatique qui cherchent \u00e0 comprendre comment les technologies num\u00e9riques peuvent \u00eatre utilis\u00e9es pour transformer les processus d\u2019entreprise<\/li>\n<\/ul>\n<h2>Learning objectives<\/h2>\n<p>\u00c0 l\u2019issue de la formation, les participants seront capables :<\/p>\n<ul>\n<li>D\u2019expliquer les concepts fondamentaux de la transformation num\u00e9rique et des technologies de transformation num\u00e9rique, notamment l\u2019intelligence artificielle, le cloud computing, le big data, l\u2019apprentissage automatique, l\u2019IoT et la blockchain<\/li>\n<li>De ma\u00eetriser les approches et m\u00e9thodologies utilis\u00e9es pour la mise en \u0153uvre des strat\u00e9gies de transformation num\u00e9rique dans un organisme<\/li>\n<li>De favoriser l\u2019efficacit\u00e9 d\u2019un organisme dans la conception, la mise en \u0153uvre, la surveillance et l\u2019am\u00e9lioration d\u2019une strat\u00e9gie de transformation num\u00e9rique<\/li>\n<li>De surveiller et de mesurer les r\u00e9sultats de la strat\u00e9gie de transformation num\u00e9rique<\/li>\n<li>D\u2019expliquer et appliquer les approches et techniques utilis\u00e9es pour \u00e9tablir une culture num\u00e9rique et communiquer la strat\u00e9gie de transformation num\u00e9rique<\/li>\n<\/ul>\n<h2>Educational approach<\/h2>\n<ul>\n<li>La formation propose \u00e0 la fois des concepts th\u00e9oriques et des exemples pratiques concernant la transformation num\u00e9rique qui aideront les participants \u00e0 comprendre les processus de mise en \u0153uvre des strat\u00e9gies et des technologies de transformation num\u00e9rique.<\/li>\n<li>La formation est compos\u00e9 d&rsquo;exercices de type r\u00e9dactionnel et de quiz \u00e0 choix multiples, dont certains sont bas\u00e9s sur des sc\u00e9narios pratiques.<\/li>\n<li>Les participants sont encourag\u00e9s \u00e0 interagir les uns avec les autres et \u00e0 participer aux discussions constructives que susciteront les questionnaires et les exercices.<\/li>\n<li>The structure of the quizzes is similar to that of the certification exam.<\/li>\n<\/ul>\n<h2>Prerequisites<\/h2>\n<p>Les principaux pr\u00e9requis pour participer \u00e0 cette formation sont d\u2019avoir une compr\u00e9hension fondamentale des concepts des technologies de l\u2019information et d\u2019avoir une connaissance g\u00e9n\u00e9rale sur la transformation num\u00e9rique.<\/p>\n<\/div>\n<\/div>\n<div id=\"gtx-trans\" style=\"position: absolute; left: 218px; top: 775.208px;\">\n<div class=\"gtx-trans-icon\"><\/div>\n<\/div>","protected":false},"excerpt":{"rendered":"<div class=\"woocommerce-product-details__short-description\">\n<p><strong>Buy this Self Paced training course<\/strong>\u00a0(at your own pace) and receive the courses, quizzes, exercises and the code to take the exam within a period of 1 year<\/p>\n<\/div>\n<form class=\"cart\" action=\"https:\/\/kekeliacademy.com\/en\/product\/ark-forging\/\" enctype=\"multipart\/form-data\" method=\"post\" data-trp-original-action=\"https:\/\/kekeliacademy.com\/product\/ark-forging\/\">\n<div class=\"quantity\"><\/div>\n<input type=\"hidden\" name=\"trp-form-language\" value=\"en\"\/><\/form>","protected":false},"featured_media":1592,"comment_status":"open","ping_status":"closed","template":"","meta":{"site-sidebar-layout":"default","site-content-layout":"default","ast-site-content-layout":"default","site-content-style":"default","site-sidebar-style":"default","ast-global-header-display":"","ast-banner-title-visibility":"","ast-main-header-display":"","ast-hfb-above-header-display":"","ast-hfb-below-header-display":"","ast-hfb-mobile-header-display":"","site-post-title":"","ast-breadcrumbs-content":"","ast-featured-img":"","footer-sml-layout":"","ast-disable-related-posts":"","theme-transparent-header-meta":"default","adv-header-id-meta":"","stick-header-meta":"","header-above-stick-meta":"","header-main-stick-meta":"","header-below-stick-meta":"","astra-migrate-meta-layouts":"set","ast-page-background-enabled":"default","ast-page-background-meta":{"desktop":{"background-color":"","background-image":"","background-repeat":"repeat","background-position":"center center","background-size":"auto","background-attachment":"scroll","background-type":"","background-media":"","overlay-type":"","overlay-color":"","overlay-opacity":"","overlay-gradient":""},"tablet":{"background-color":"","background-image":"","background-repeat":"repeat","background-position":"center center","background-size":"auto","background-attachment":"scroll","background-type":"","background-media":"","overlay-type":"","overlay-color":"","overlay-opacity":"","overlay-gradient":""},"mobile":{"background-color":"","background-image":"","background-repeat":"repeat","background-position":"center center","background-size":"auto","background-attachment":"scroll","background-type":"","background-media":"","overlay-type":"","overlay-color":"","overlay-opacity":"","overlay-gradient":""}},"ast-content-background-meta":{"desktop":{"background-color":"var(--ast-global-color-5)","background-image":"","background-repeat":"repeat","background-position":"center center","background-size":"auto","background-attachment":"scroll","background-type":"","background-media":"","overlay-type":"","overlay-color":"","overlay-opacity":"","overlay-gradient":""},"tablet":{"background-color":"var(--ast-global-color-5)","background-image":"","background-repeat":"repeat","background-position":"center center","background-size":"auto","background-attachment":"scroll","background-type":"","background-media":"","overlay-type":"","overlay-color":"","overlay-opacity":"","overlay-gradient":""},"mobile":{"background-color":"var(--ast-global-color-5)","background-image":"","background-repeat":"repeat","background-position":"center center","background-size":"auto","background-attachment":"scroll","background-type":"","background-media":"","overlay-type":"","overlay-color":"","overlay-opacity":"","overlay-gradient":""}}},"product_brand":[],"product_cat":[36],"product_tag":[37,44,61,39],"class_list":{"0":"post-470","1":"product","2":"type-product","3":"status-publish","4":"has-post-thumbnail","6":"product_cat-none","7":"product_tag-certification-iso","8":"product_tag-cybersecurity","9":"product_tag-pecb-iso-37001-lead-auditor","10":"product_tag-voucher","11":"desktop-align-left","12":"tablet-align-left","13":"mobile-align-left","15":"first","16":"instock","17":"sale","18":"taxable","19":"shipping-taxable","20":"purchasable","21":"product-type-simple"},"_links":{"self":[{"href":"https:\/\/kekeliacademy.com\/en\/wp-json\/wp\/v2\/product\/470","targetHints":{"allow":["GET"]}}],"collection":[{"href":"https:\/\/kekeliacademy.com\/en\/wp-json\/wp\/v2\/product"}],"about":[{"href":"https:\/\/kekeliacademy.com\/en\/wp-json\/wp\/v2\/types\/product"}],"replies":[{"embeddable":true,"href":"https:\/\/kekeliacademy.com\/en\/wp-json\/wp\/v2\/comments?post=470"}],"wp:featuredmedia":[{"embeddable":true,"href":"https:\/\/kekeliacademy.com\/en\/wp-json\/wp\/v2\/media\/1592"}],"wp:attachment":[{"href":"https:\/\/kekeliacademy.com\/en\/wp-json\/wp\/v2\/media?parent=470"}],"wp:term":[{"taxonomy":"product_brand","embeddable":true,"href":"https:\/\/kekeliacademy.com\/en\/wp-json\/wp\/v2\/product_brand?post=470"},{"taxonomy":"product_cat","embeddable":true,"href":"https:\/\/kekeliacademy.com\/en\/wp-json\/wp\/v2\/product_cat?post=470"},{"taxonomy":"product_tag","embeddable":true,"href":"https:\/\/kekeliacademy.com\/en\/wp-json\/wp\/v2\/product_tag?post=470"}],"curies":[{"name":"wp","href":"https:\/\/api.w.org\/{rel}","templated":true}]}}