{"id":469,"date":"2024-06-20T20:24:19","date_gmt":"2024-06-20T20:24:19","guid":{"rendered":"https:\/\/kekeliacademy.com\/product\/mists-of-algorab\/"},"modified":"2025-04-06T00:48:45","modified_gmt":"2025-04-06T00:48:45","slug":"self-paced-pecb-dora-lead-manager","status":"publish","type":"product","link":"https:\/\/kekeliacademy.com\/en\/product\/self-paced-pecb-dora-lead-manager\/","title":{"rendered":"Self Paced PECB Certified DORA Lead Manager"},"content":{"rendered":"<p><strong>Buy this Self Paced training course<\/strong>\u00a0(at your own pace) and receive the courses, quizzes, exercises and the code to take the exam within a period of 1 year<\/p>\n<p>The option\u00a0<strong>Self Paced<\/strong>\u00a0gives you :<\/p>\n<ul>\n<li><strong>Self-paced online course support in the KATE web or desktop application<\/strong>\u00a0with exercises and quizzes and their answers<\/li>\n<li><strong>The exam voucher with a retake\u00a0<\/strong>: you will have one year to take the exam from the moment the voucher is generated<\/li>\n<li><strong>PECB certification\u00a0<\/strong>: you will receive your certification as soon as you have validated your exam and fulfilled the necessary conditions<\/li>\n<\/ul>\n<h1 class=\"primary-title\">DORA Lead Manager<\/h1>\n<div>\n<div id=\"4644\">\n<p>&nbsp;<\/p>\n<p>La formation PECB Certified DORA Lead Manager vous \u00e9quipe avec les connaissances n\u00e9cessaires pour conduire et superviser la mise en \u0153uvre des strat\u00e9gies de r\u00e9silience op\u00e9rationnelle num\u00e9rique au sein des entit\u00e9s financi\u00e8res pour les aider \u00e0 \u00eatre en conformit\u00e9 avec la loi sur la r\u00e9silience op\u00e9rationnelle de l&rsquo;Union europ\u00e9enne (DORA).<\/p>\n<h2>Why should you attend?<\/h2>\n<p>Vu que DORA entrera en vigueur le 17 janvier 2025, le moment est crucial pour saisir pleinement ses implications et exigences . Participer \u00e0 la formation PECB Certified DORA Lead Manager offre une occasion unique pour interagir avec les experts et pairs du secteur, favorisant des discussions enrichissantes et l&rsquo;\u00e9change d&rsquo;id\u00e9es pr\u00e9cieuses concernant les meilleures pratiques pour la r\u00e9silience op\u00e9rationnelle num\u00e9rique. Par le biais de sessions interactives et d&rsquo;exercices pratiques, vous obtiendrez des perspectives concr\u00e8tes concernant la mise en \u0153uvre de strat\u00e9gies efficaces pour att\u00e9nuer les risques li\u00e9s aux TIC et am\u00e9liorer la r\u00e9silience op\u00e9rationnelle des institutions financi\u00e8res.<\/p>\n<p>En outre, la participation \u00e0 cette formation d\u00e9montre votre engagement en mati\u00e8re de d\u00e9veloppement professionnel et vous positionne comme un leader comp\u00e9tent dans le paysage en \u00e9volution de la r\u00e9silience op\u00e9rationnelle num\u00e9rique. Apr\u00e8s la formation et la r\u00e9ussite \u00e0 l&rsquo;examen, vous pouvez demander le certificat \u00ab PECB Certified DORA Lead Manager \u00bb.<\/p>\n<h2>Who should attend?<\/h2>\n<p>This training course is intended for:<\/p>\n<ul>\n<li>Cadres sup\u00e9rieurs et d\u00e9cideurs des institutions financi\u00e8res<\/li>\n<li>Responsables de la conformit\u00e9 et gestionnaires de risques<\/li>\n<li>IT professionals<\/li>\n<li>Personnel des affaires juridiques et r\u00e9glementaires<\/li>\n<li>Consultants et conseillers sp\u00e9cialis\u00e9s dans la r\u00e8glementation financi\u00e8re et la cybers\u00e9curit\u00e9<\/li>\n<\/ul>\n<h2>Learning objectives<\/h2>\n<p>By successfully completing this training course, you will be able to:<\/p>\n<ol>\n<li>Comprendre le paysage r\u00e8glementaire et les exigences en mati\u00e8re de conformit\u00e9 du r\u00e8glement DORA, se basant sur cinq piliers fondamentaux, parmi lesquels la gestion des risques li\u00e9s aux TIC, la gestion et la notification des incidents li\u00e9s aux TIC, les tests de r\u00e9silience op\u00e9rationnelle num\u00e9rique et la gestion des risques li\u00e9s aux prestataires tiers.<\/li>\n<li>Mettre en \u0153uvre des strat\u00e9gies et mesures pour am\u00e9liorer la r\u00e9silience op\u00e9rationnelle et att\u00e9nuer les risques li\u00e9s aux TIC dans les institutions financi\u00e8res, en se conformant aux exigences de DORA et aux meilleures pratiques du secteur<\/li>\n<li>Identifier, analyser, \u00e9valuer et g\u00e9rer les risques li\u00e9s aux TIC qui concernent les entit\u00e9s financi\u00e8res<\/li>\n<li>D\u00e9velopper et maintenir des cadres robustes de gestion des risques li\u00e9s aux TIC, des plans de r\u00e9ponse en cas d&rsquo;incident et des plans de continuit\u00e9 op\u00e9rationnelle et de reprise apr\u00e8s sinistre<\/li>\n<li>Favoriser la collaboration et la communication avec les principales parties prenantes pour r\u00e9ussir la mise en \u0153uvre et le respect permanent de DORA<\/li>\n<li>Utiliser des outils et des m\u00e9thodologies du secteur pour suivre, \u00e9valuer et g\u00e9rer les risques et les vuln\u00e9rabilit\u00e9s li\u00e9s aux TIC, am\u00e9liorant la posture de s\u00e9curit\u00e9 globale des institutions financi\u00e8res<\/li>\n<\/ol>\n<h2>Educational approach<\/h2>\n<ul>\n<li>La formation comprend des \u00e9l\u00e9ments interactifs, tels que des exercices de type dissertation et des questions \u00e0 choix multiple, dont certains sont bas\u00e9s sur des sc\u00e9narios.<\/li>\n<li>Les participants sont vivement encourag\u00e9s \u00e0 communiquer et s&rsquo;impliquer dans les discussions.<\/li>\n<li>Les questions \u00e0 choix multiple sont con\u00e7ues de sorte \u00e0 ressembler de pr\u00e8s au format de l&rsquo;examen de certification.<\/li>\n<\/ul>\n<h2>Prerequisites<\/h2>\n<p>La principale exigence pour participer \u00e0 cette formation est d&rsquo;avoir une compr\u00e9hension fondamentale des concepts de la s\u00e9curit\u00e9 de l&rsquo;information et de la cybers\u00e9curit\u00e9 et de se familiariser avec les principes de gestion des risques li\u00e9s aux TIC.<\/p>\n<\/div>\n<\/div>","protected":false},"excerpt":{"rendered":"<p><strong>Buy this Self Paced training course<\/strong>\u00a0(at your own pace) and receive the courses, quizzes, exercises and the code to take the exam within a period of 1 year<\/p>","protected":false},"featured_media":1593,"comment_status":"open","ping_status":"closed","template":"","meta":{"site-sidebar-layout":"default","site-content-layout":"default","ast-site-content-layout":"default","site-content-style":"default","site-sidebar-style":"default","ast-global-header-display":"","ast-banner-title-visibility":"","ast-main-header-display":"","ast-hfb-above-header-display":"","ast-hfb-below-header-display":"","ast-hfb-mobile-header-display":"","site-post-title":"","ast-breadcrumbs-content":"","ast-featured-img":"","footer-sml-layout":"","ast-disable-related-posts":"","theme-transparent-header-meta":"default","adv-header-id-meta":"","stick-header-meta":"","header-above-stick-meta":"","header-main-stick-meta":"","header-below-stick-meta":"","astra-migrate-meta-layouts":"set","ast-page-background-enabled":"default","ast-page-background-meta":{"desktop":{"background-color":"","background-image":"","background-repeat":"repeat","background-position":"center center","background-size":"auto","background-attachment":"scroll","background-type":"","background-media":"","overlay-type":"","overlay-color":"","overlay-opacity":"","overlay-gradient":""},"tablet":{"background-color":"","background-image":"","background-repeat":"repeat","background-position":"center center","background-size":"auto","background-attachment":"scroll","background-type":"","background-media":"","overlay-type":"","overlay-color":"","overlay-opacity":"","overlay-gradient":""},"mobile":{"background-color":"","background-image":"","background-repeat":"repeat","background-position":"center center","background-size":"auto","background-attachment":"scroll","background-type":"","background-media":"","overlay-type":"","overlay-color":"","overlay-opacity":"","overlay-gradient":""}},"ast-content-background-meta":{"desktop":{"background-color":"var(--ast-global-color-5)","background-image":"","background-repeat":"repeat","background-position":"center center","background-size":"auto","background-attachment":"scroll","background-type":"","background-media":"","overlay-type":"","overlay-color":"","overlay-opacity":"","overlay-gradient":""},"tablet":{"background-color":"var(--ast-global-color-5)","background-image":"","background-repeat":"repeat","background-position":"center center","background-size":"auto","background-attachment":"scroll","background-type":"","background-media":"","overlay-type":"","overlay-color":"","overlay-opacity":"","overlay-gradient":""},"mobile":{"background-color":"var(--ast-global-color-5)","background-image":"","background-repeat":"repeat","background-position":"center center","background-size":"auto","background-attachment":"scroll","background-type":"","background-media":"","overlay-type":"","overlay-color":"","overlay-opacity":"","overlay-gradient":""}}},"product_brand":[],"product_cat":[36],"product_tag":[37,44,93,39],"class_list":{"0":"post-469","1":"product","2":"type-product","3":"status-publish","4":"has-post-thumbnail","6":"product_cat-none","7":"product_tag-certification-iso","8":"product_tag-cybersecurity","9":"product_tag-pecb-iso-37001-lead-implementer","10":"product_tag-voucher","11":"desktop-align-left","12":"tablet-align-left","13":"mobile-align-left","15":"first","16":"instock","17":"sale","18":"taxable","19":"shipping-taxable","20":"purchasable","21":"product-type-simple"},"_links":{"self":[{"href":"https:\/\/kekeliacademy.com\/en\/wp-json\/wp\/v2\/product\/469","targetHints":{"allow":["GET"]}}],"collection":[{"href":"https:\/\/kekeliacademy.com\/en\/wp-json\/wp\/v2\/product"}],"about":[{"href":"https:\/\/kekeliacademy.com\/en\/wp-json\/wp\/v2\/types\/product"}],"replies":[{"embeddable":true,"href":"https:\/\/kekeliacademy.com\/en\/wp-json\/wp\/v2\/comments?post=469"}],"wp:featuredmedia":[{"embeddable":true,"href":"https:\/\/kekeliacademy.com\/en\/wp-json\/wp\/v2\/media\/1593"}],"wp:attachment":[{"href":"https:\/\/kekeliacademy.com\/en\/wp-json\/wp\/v2\/media?parent=469"}],"wp:term":[{"taxonomy":"product_brand","embeddable":true,"href":"https:\/\/kekeliacademy.com\/en\/wp-json\/wp\/v2\/product_brand?post=469"},{"taxonomy":"product_cat","embeddable":true,"href":"https:\/\/kekeliacademy.com\/en\/wp-json\/wp\/v2\/product_cat?post=469"},{"taxonomy":"product_tag","embeddable":true,"href":"https:\/\/kekeliacademy.com\/en\/wp-json\/wp\/v2\/product_tag?post=469"}],"curies":[{"name":"wp","href":"https:\/\/api.w.org\/{rel}","templated":true}]}}