{"id":1264,"date":"2024-06-21T20:13:36","date_gmt":"2024-06-21T20:13:36","guid":{"rendered":"https:\/\/kekeliacademy.com\/?post_type=product&#038;p=1264"},"modified":"2025-11-15T06:30:14","modified_gmt":"2025-11-15T05:30:14","slug":"self-paced-pecb-iso-27001-lead-implementer","status":"publish","type":"product","link":"https:\/\/kekeliacademy.com\/en\/product\/self-paced-pecb-iso-27001-lead-implementer\/","title":{"rendered":"Self Paced PECB ISO 27001 Lead Implementer"},"content":{"rendered":"<p><strong>Buy this Self Paced training course<\/strong> et recevez dans <span style=\"color: #800000;\"><strong>un d\u00e9lai de 48h<\/strong><\/span> les cours, les quizz, les exercices et le code du voucher pour passer l\u2019examen dans une p\u00e9riode de 1 an<\/p>\n<p>The option\u00a0<strong>Self Paced<\/strong>\u00a0gives you :<\/p>\n<ul>\n<li><strong>Self-paced online course support in the KATE web or desktop application<\/strong>\u00a0with exercises and quizzes and their answers<\/li>\n<li><strong>The exam voucher with a retake\u00a0<\/strong>: you will have one year to take the exam from the moment the voucher is generated<\/li>\n<li><strong>PECB certification\u00a0<\/strong>: you will receive your certification as soon as you have validated your exam and fulfilled the necessary conditions<\/li>\n<\/ul>\n<h3 class=\"wp-block-heading\">ISO\/IEC 27001 Lead Implementer<\/h3>\n<p>ISO\/IEC 27001 Lead Implementer training course enables participants to acquire the knowledge necessary to support an organization in effectively planning, implementing, managing, monitoring, and maintaining an information security management system (ISMS).<\/p>\n<h3 class=\"wp-block-heading\">Why should you attend?<\/h3>\n<p>Information security threats and attacks increase and improve constantly. The best form of defense against them is the proper implementation and management of information security controls and best practices. Information security is also a key expectation and requirement of customers, legislators, and other interested parties.<\/p>\n<p>This training course is designed to prepare participants in implementing an information security management system (ISMS) based on ISO\/IEC 27001. It aims to provide a comprehensive understanding of the best practices of an ISMS and a framework for its continual management and improvement.<\/p>\n<p>After attending the training course, you can take the exam. If you successfully pass it, you can apply for a \u201cPECB Certified ISO\/IEC 27001 Lead Implementer\u201d credential, which demonstrates your ability and practical knowledge to implement an ISMS based on the requirements of ISO\/IEC 27001.<\/p>\n<h3 class=\"wp-block-heading\">Who can Attend?<\/h3>\n<ul>\n<li>Project managers, consultants, or expert advisers seeking to master the implementation of an information security management system; or individuals responsible to maintain conformity with the ISMS requirements within an organization<\/li>\n<li>Conseillers experts cherchant \u00e0 ma\u00eetriser la mise en \u0153uvre d\u2019un SMSI<\/li>\n<li>Project managers, consultants, or expert advisers seeking to master the implementation of an information security management system; or individuals responsible to maintain conformity with the ISMS requirements within an organization<\/li>\n<li>Members of the ISMS team<\/li>\n<\/ul>\n<h3 class=\"wp-block-heading\">Learning objectives<\/h3>\n<p>By the end of this training course, the participants will be able to:<\/p>\n<ul>\n<li>Explain the fundamental concepts and principles of an information security management system (ISMS) based on ISO\/IEC 27001<\/li>\n<li>Interpret the ISO\/IEC 27001 requirements for an ISMS from the perspective of an implementer<\/li>\n<li>Initiate and plan the implementation of an ISMS based on ISO\/IEC 27001, by utilizing PECB\u2019s IMS2 Methodology and other best practices<\/li>\n<li>Support an organization in operating, maintaining, and continually improving an ISMS based on ISO\/IEC 27001<\/li>\n<li>Prepare an organization to undergo a third-party certification audit<\/li>\n<\/ul>\n<h3 class=\"wp-block-heading\">Educational approach<\/h3>\n<ul>\n<li>This training course contains essay-type exercises, multiple-choice quizzes, examples, and best practices used in the implementation of an ISMS.<\/li>\n<li>The participants are encouraged to communicate with each other and engage in discussions when completing quizzes and exercises.<\/li>\n<li>The exercises are based on a case study.<\/li>\n<li>The structure of the quizzes is similar to that of the certification exam.<\/li>\n<\/ul>\n<h3 class=\"wp-block-heading\">Prerequisites<\/h3>\n<p>The main requirement for participating in this training course is having a general knowledge of the ISMS concepts and ISO\/IEC 27001.<\/p>","protected":false},"excerpt":{"rendered":"<p><strong>Buy this Self Paced training course<\/strong>\u00a0(at your own pace) and receive the courses, quizzes, exercises and the code to take the exam within a period of 1 year<\/p>","protected":false},"featured_media":1431,"comment_status":"open","ping_status":"closed","template":"","meta":{"site-sidebar-layout":"default","site-content-layout":"default","ast-site-content-layout":"default","site-content-style":"default","site-sidebar-style":"default","ast-global-header-display":"","ast-banner-title-visibility":"","ast-main-header-display":"","ast-hfb-above-header-display":"","ast-hfb-below-header-display":"","ast-hfb-mobile-header-display":"","site-post-title":"","ast-breadcrumbs-content":"","ast-featured-img":"","footer-sml-layout":"","ast-disable-related-posts":"","theme-transparent-header-meta":"default","adv-header-id-meta":"","stick-header-meta":"","header-above-stick-meta":"","header-main-stick-meta":"","header-below-stick-meta":"","astra-migrate-meta-layouts":"set","ast-page-background-enabled":"default","ast-page-background-meta":{"desktop":{"background-color":"","background-image":"","background-repeat":"repeat","background-position":"center center","background-size":"auto","background-attachment":"scroll","background-type":"","background-media":"","overlay-type":"","overlay-color":"","overlay-opacity":"","overlay-gradient":""},"tablet":{"background-color":"","background-image":"","background-repeat":"repeat","background-position":"center center","background-size":"auto","background-attachment":"scroll","background-type":"","background-media":"","overlay-type":"","overlay-color":"","overlay-opacity":"","overlay-gradient":""},"mobile":{"background-color":"","background-image":"","background-repeat":"repeat","background-position":"center center","background-size":"auto","background-attachment":"scroll","background-type":"","background-media":"","overlay-type":"","overlay-color":"","overlay-opacity":"","overlay-gradient":""}},"ast-content-background-meta":{"desktop":{"background-color":"var(--ast-global-color-5)","background-image":"","background-repeat":"repeat","background-position":"center center","background-size":"auto","background-attachment":"scroll","background-type":"","background-media":"","overlay-type":"","overlay-color":"","overlay-opacity":"","overlay-gradient":""},"tablet":{"background-color":"var(--ast-global-color-5)","background-image":"","background-repeat":"repeat","background-position":"center center","background-size":"auto","background-attachment":"scroll","background-type":"","background-media":"","overlay-type":"","overlay-color":"","overlay-opacity":"","overlay-gradient":""},"mobile":{"background-color":"var(--ast-global-color-5)","background-image":"","background-repeat":"repeat","background-position":"center center","background-size":"auto","background-attachment":"scroll","background-type":"","background-media":"","overlay-type":"","overlay-color":"","overlay-opacity":"","overlay-gradient":""}}},"product_brand":[],"product_cat":[36],"product_tag":[37,38,40,39],"class_list":{"0":"post-1264","1":"product","2":"type-product","3":"status-publish","4":"has-post-thumbnail","6":"product_cat-none","7":"product_tag-certification-iso","8":"product_tag-cybersecurite","9":"product_tag-pecb","10":"product_tag-voucher","11":"desktop-align-left","12":"tablet-align-left","13":"mobile-align-left","15":"first","16":"instock","17":"sale","18":"taxable","19":"shipping-taxable","20":"purchasable","21":"product-type-simple"},"_links":{"self":[{"href":"https:\/\/kekeliacademy.com\/en\/wp-json\/wp\/v2\/product\/1264","targetHints":{"allow":["GET"]}}],"collection":[{"href":"https:\/\/kekeliacademy.com\/en\/wp-json\/wp\/v2\/product"}],"about":[{"href":"https:\/\/kekeliacademy.com\/en\/wp-json\/wp\/v2\/types\/product"}],"replies":[{"embeddable":true,"href":"https:\/\/kekeliacademy.com\/en\/wp-json\/wp\/v2\/comments?post=1264"}],"wp:featuredmedia":[{"embeddable":true,"href":"https:\/\/kekeliacademy.com\/en\/wp-json\/wp\/v2\/media\/1431"}],"wp:attachment":[{"href":"https:\/\/kekeliacademy.com\/en\/wp-json\/wp\/v2\/media?parent=1264"}],"wp:term":[{"taxonomy":"product_brand","embeddable":true,"href":"https:\/\/kekeliacademy.com\/en\/wp-json\/wp\/v2\/product_brand?post=1264"},{"taxonomy":"product_cat","embeddable":true,"href":"https:\/\/kekeliacademy.com\/en\/wp-json\/wp\/v2\/product_cat?post=1264"},{"taxonomy":"product_tag","embeddable":true,"href":"https:\/\/kekeliacademy.com\/en\/wp-json\/wp\/v2\/product_tag?post=1264"}],"curies":[{"name":"wp","href":"https:\/\/api.w.org\/{rel}","templated":true}]}}