{"id":1244,"date":"2024-06-21T19:58:32","date_gmt":"2024-06-21T19:58:32","guid":{"rendered":"https:\/\/kekeliacademy.com\/?post_type=product&#038;p=1244"},"modified":"2026-02-25T16:26:10","modified_gmt":"2026-02-25T15:26:10","slug":"formation-en-self-paced-pecb-ciso","status":"publish","type":"product","link":"https:\/\/kekeliacademy.com\/en\/product\/formation-en-self-paced-pecb-ciso\/","title":{"rendered":"Formation en Self Paced PECB CISO"},"content":{"rendered":"<p><strong>Buy this Self Paced training course<\/strong>\u00a0(at your own pace) and receive the courses, quizzes, exercises and the code to take the exam within a period of 1 year<\/p>\n<p>The option\u00a0<strong>Self Paced<\/strong>\u00a0gives you :<\/p>\n<ul>\n<li><strong>Self-paced online course support in the KATE web or desktop application<\/strong>\u00a0with exercises and quizzes and their answers<\/li>\n<li><strong>The exam voucher with a retake\u00a0<\/strong>: you will have one year to take the exam from the moment the voucher is generated<\/li>\n<li><strong>PECB certification\u00a0<\/strong>: you will receive your certification as soon as you have validated your exam and fulfilled the necessary conditions<\/li>\n<\/ul>\n<h2 class=\"wp-block-heading\">CISO<\/h2>\n<p>The PECB Chief Information Security Officer (CISO) training course is tailored for aspiring CISOs, providing them with the necessary knowledge, skills, and strategies to lead information security programs effectively and safeguard information and assets in today's dynamic digital environment.<\/p>\n<h3 class=\"wp-block-heading\">Why should you attend?<\/h3>\n<p>In recent years, there has been a growing recognition within organizations that they need a designated individual who has the necessary skills to effectively address information security responsibilities. Consequently, the role of the CISO has emerged as an executive-level position, obtaining the information security responsibilities that previously were held by personnel within the IT Department.<\/p>\n<p>Now, organizations have a dedicated professional focused on overseeing and managing all aspects of information security, ensuring a more comprehensive and specialized approach to safeguarding information and information assets.<\/p>\n<p>By attending this training course, you will gain knowledge of emerging security trends and best practices. Additionally, you will learn about the technologies that are essential to information security, including network security, application security, and cloud security.<\/p>\n<h3 class=\"wp-block-heading\">Who can Attend?<\/h3>\n<p>This training course is intended for:<\/p>\n<ul>\n<li>Professionals actively involved in information security management<\/li>\n<li>IT managers responsible for overseeing information security programs<\/li>\n<li>Security professionals who aspire to advance into leadership roles, such as security architects, security analysts, and security auditors<\/li>\n<li>Professionnels responsables de la gestion des risques et de la conformit\u00e9 en mati\u00e8re de s\u00e9curit\u00e9 de l\u2019information au sein des organismes<\/li>\n<li>Experienced CISOs seeking to enhance their knowledge, stay up to date with the latest trends, and refine their leadership skills<\/li>\n<li>Cadres, y compris les DSI, les PDG et les directeurs de l\u2019exploitation, qui jouent un r\u00f4le crucial dans les processus de prise de d\u00e9cision li\u00e9s \u00e0 la s\u00e9curit\u00e9 de l\u2019information<\/li>\n<li>Professionals aiming to achieve executive-level roles within the information security field<\/li>\n<\/ul>\n<h3 class=\"wp-block-heading\">Learning objectives<\/h3>\n<p>By the end of this training course, you will be able to:<\/p>\n<ol>\n<li>Explain the fundamental concepts and principles of an information security management system (ISMS) based on ISO\/IEC 27001<\/li>\n<li>Comprehend the roles and responsibilities of the CISO and the ethical considerations involved, and address the challenges associated with the role<\/li>\n<li>Design and develop an effective information security program, tailored to the needs of the organization<\/li>\n<li>Adopt applicable frameworks, laws, and regulations and effectively communicate and implement policies to ensure information security compliance<\/li>\n<li>Identify, analyze, evaluate, and treat information security risks, using a systematic and effective approach<\/li>\n<\/ol>\n<h3 class=\"wp-block-heading\">Educational approach<\/h3>\n<ul>\n<li>The training course incorporates interactive elements, such as essay-type exercises and multiple-choice quizzes, some of which are scenario-based.<\/li>\n<li>Participants are strongly encouraged to communicate and engage in discussions.<\/li>\n<li>The quizzes are designed in a manner that closely resembles the format of the certification exam.<\/li>\n<\/ul>\n<h3 class=\"wp-block-heading\">Prerequisites<\/h3>\n<p>The quizzes are designed in a manner that closely resembles the format of the certification exam.<\/p>","protected":false},"excerpt":{"rendered":"<p><strong>Buy this Self Paced training course<\/strong>\u00a0(at your own pace) and receive the courses, quizzes, exercises and the code to take the exam within a period of 1 year<\/p>","protected":false},"featured_media":1444,"comment_status":"open","ping_status":"closed","template":"","meta":{"site-sidebar-layout":"default","site-content-layout":"default","ast-site-content-layout":"default","site-content-style":"default","site-sidebar-style":"default","ast-global-header-display":"","ast-banner-title-visibility":"","ast-main-header-display":"","ast-hfb-above-header-display":"","ast-hfb-below-header-display":"","ast-hfb-mobile-header-display":"","site-post-title":"","ast-breadcrumbs-content":"","ast-featured-img":"","footer-sml-layout":"","ast-disable-related-posts":"","theme-transparent-header-meta":"default","adv-header-id-meta":"","stick-header-meta":"","header-above-stick-meta":"","header-main-stick-meta":"","header-below-stick-meta":"","astra-migrate-meta-layouts":"set","ast-page-background-enabled":"default","ast-page-background-meta":{"desktop":{"background-color":"","background-image":"","background-repeat":"repeat","background-position":"center center","background-size":"auto","background-attachment":"scroll","background-type":"","background-media":"","overlay-type":"","overlay-color":"","overlay-opacity":"","overlay-gradient":""},"tablet":{"background-color":"","background-image":"","background-repeat":"repeat","background-position":"center center","background-size":"auto","background-attachment":"scroll","background-type":"","background-media":"","overlay-type":"","overlay-color":"","overlay-opacity":"","overlay-gradient":""},"mobile":{"background-color":"","background-image":"","background-repeat":"repeat","background-position":"center center","background-size":"auto","background-attachment":"scroll","background-type":"","background-media":"","overlay-type":"","overlay-color":"","overlay-opacity":"","overlay-gradient":""}},"ast-content-background-meta":{"desktop":{"background-color":"var(--ast-global-color-5)","background-image":"","background-repeat":"repeat","background-position":"center center","background-size":"auto","background-attachment":"scroll","background-type":"","background-media":"","overlay-type":"","overlay-color":"","overlay-opacity":"","overlay-gradient":""},"tablet":{"background-color":"var(--ast-global-color-5)","background-image":"","background-repeat":"repeat","background-position":"center center","background-size":"auto","background-attachment":"scroll","background-type":"","background-media":"","overlay-type":"","overlay-color":"","overlay-opacity":"","overlay-gradient":""},"mobile":{"background-color":"var(--ast-global-color-5)","background-image":"","background-repeat":"repeat","background-position":"center center","background-size":"auto","background-attachment":"scroll","background-type":"","background-media":"","overlay-type":"","overlay-color":"","overlay-opacity":"","overlay-gradient":""}}},"product_brand":[],"product_cat":[36],"product_tag":[37,57,56,44,40,39],"class_list":{"0":"post-1244","1":"product","2":"type-product","3":"status-publish","4":"has-post-thumbnail","6":"product_cat-none","7":"product_tag-certification-iso","8":"product_tag-chief-information-security-offcer","9":"product_tag-ciso","10":"product_tag-cybersecurity","11":"product_tag-pecb","12":"product_tag-voucher","13":"desktop-align-left","14":"tablet-align-left","15":"mobile-align-left","17":"first","18":"instock","19":"sale","20":"taxable","21":"shipping-taxable","22":"purchasable","23":"product-type-simple"},"_links":{"self":[{"href":"https:\/\/kekeliacademy.com\/en\/wp-json\/wp\/v2\/product\/1244","targetHints":{"allow":["GET"]}}],"collection":[{"href":"https:\/\/kekeliacademy.com\/en\/wp-json\/wp\/v2\/product"}],"about":[{"href":"https:\/\/kekeliacademy.com\/en\/wp-json\/wp\/v2\/types\/product"}],"replies":[{"embeddable":true,"href":"https:\/\/kekeliacademy.com\/en\/wp-json\/wp\/v2\/comments?post=1244"}],"wp:featuredmedia":[{"embeddable":true,"href":"https:\/\/kekeliacademy.com\/en\/wp-json\/wp\/v2\/media\/1444"}],"wp:attachment":[{"href":"https:\/\/kekeliacademy.com\/en\/wp-json\/wp\/v2\/media?parent=1244"}],"wp:term":[{"taxonomy":"product_brand","embeddable":true,"href":"https:\/\/kekeliacademy.com\/en\/wp-json\/wp\/v2\/product_brand?post=1244"},{"taxonomy":"product_cat","embeddable":true,"href":"https:\/\/kekeliacademy.com\/en\/wp-json\/wp\/v2\/product_cat?post=1244"},{"taxonomy":"product_tag","embeddable":true,"href":"https:\/\/kekeliacademy.com\/en\/wp-json\/wp\/v2\/product_tag?post=1244"}],"curies":[{"name":"wp","href":"https:\/\/api.w.org\/{rel}","templated":true}]}}