{"id":1232,"date":"2024-06-21T19:48:53","date_gmt":"2024-06-21T19:48:53","guid":{"rendered":"https:\/\/kekeliacademy.com\/?post_type=product&#038;p=1232"},"modified":"2025-04-06T00:43:31","modified_gmt":"2025-04-06T00:43:31","slug":"self-paced-pecbiso-iec-27701-lead-auditor","status":"publish","type":"product","link":"https:\/\/kekeliacademy.com\/en\/product\/self-paced-pecbiso-iec-27701-lead-auditor\/","title":{"rendered":"Self Paced PECB ISO\/IEC 27701 Lead Auditor"},"content":{"rendered":"<p><strong>Buy this Self Paced training course<\/strong>\u00a0(at your own pace) and receive the courses, quizzes, exercises and the code to take the exam within a period of 1 year<\/p>\n<p>The option\u00a0<strong>Self Paced<\/strong>\u00a0gives you :<\/p>\n<ul>\n<li><strong>Self-paced online course support in the KATE web or desktop application<\/strong>\u00a0with exercises and quizzes and their answers<\/li>\n<li><strong>The exam voucher with a retake\u00a0<\/strong>: you will have one year to take the exam from the moment the voucher is generated<\/li>\n<li><strong>PECB certification\u00a0<\/strong>: you will receive your certification as soon as you have validated your exam and fulfilled the necessary conditions<\/li>\n<\/ul>\n<h2 class=\"wp-block-heading\">ISO\/IEC 27701 Lead Auditor<\/h2>\n<p>Au cours de cette formation, vous acquerrez les connaissances et les comp\u00e9tences n\u00e9cessaires pour planifier et r\u00e9aliser des audits conform\u00e9ment aux processus de certification ISO 19011 et ISO\/IEC 17021-1.<\/p>\n<p>\u00c0 l\u2019aide d\u2019exercices pratiques, vous serez en mesure d\u2019acqu\u00e9rir des connaissances sur la protection de la vie priv\u00e9e dans le contexte du traitement des informations d\u2019identification personnelle (IIP), et de ma\u00eetriser des techniques d\u2019audit afin de devenir comp\u00e9tent pour g\u00e9rer un programme et une \u00e9quipe d\u2019audit, communiquer avec des clients et r\u00e9soudre des conflits potentiels.<\/p>\n<p>Apr\u00e8s avoir ma\u00eetris\u00e9 les concepts d\u2019audit d\u00e9montr\u00e9s et r\u00e9ussi l\u2019examen, vous pourrez demander la certification \u00ab PECB Certified ISO\/IEC 27701 Lead Auditor \u00bb. Cette certification, reconnue \u00e0 l\u2019\u00e9chelle internationale, d\u00e9montre que vous poss\u00e9dez l\u2019expertise et les comp\u00e9tences n\u00e9cessaires pour auditer des organismes bas\u00e9s sur les bonnes pratiques.<\/p>\n<h3 class=\"wp-block-heading\">Who can Attend?<\/h3>\n<ul>\n<li>Auditeurs cherchant \u00e0 r\u00e9aliser et \u00e0 diriger des audits de certification du syst\u00e8me de management de la protection de la vie priv\u00e9e (PIMS)<\/li>\n<li>Gestionnaires ou consultants souhaitant ma\u00eetriser un processus d\u2019audit du PIMS<\/li>\n<li>Personnes responsables du maintien de la conformit\u00e9 aux exigences du PIMS<\/li>\n<li>Experts techniques souhaitant se pr\u00e9parer \u00e0 un audit du PIMS<\/li>\n<li>Experts-conseils en mati\u00e8re de protection des informations d\u2019identification personnelle (IIP)<\/li>\n<\/ul>\n<h3 class=\"wp-block-heading\">Learning objectives<\/h3>\n<ul>\n<li>Comprendre un syst\u00e8me de management de la protection de la vie priv\u00e9e (PIMS) et ses processus bas\u00e9s sur ISO\/IEC 27701<\/li>\n<li>Identifier la relation entre ISO\/IEC 27701, ISO\/IEC 27001, ISO\/IEC 27002 et les autres normes et cadres r\u00e9glementaires<\/li>\n<li>Comprendre le r\u00f4le de l\u2019auditeur dans la planification, la direction et le suivi d\u2019un audit de syst\u00e8me de management selon ISO 19011<\/li>\n<li>Apprendre \u00e0 interpr\u00e9ter les exigences de la norme ISO\/IEC 27701 dans le contexte d\u2019un audit du PIMS<\/li>\n<\/ul>\n<h3 class=\"wp-block-heading\">Educational approach<\/h3>\n<ul>\n<li>Cette formation s\u2019appuie sur la th\u00e9orie et sur les bonnes pratiques utilis\u00e9es dans les audits d\u2019un PIMS.<\/li>\n<li>Lecture sessions are illustrated with examples based on case studies<\/li>\n<li>Les exercices pratiques sont bas\u00e9s sur une \u00e9tude de cas qui comprend des jeux de r\u00f4le et des discussions.<\/li>\n<li>Les exercices sont semblables \u00e0 l\u2019examen de certification.<\/li>\n<\/ul>\n<h3 class=\"wp-block-heading\">Prerequisites<\/h3>\n<p>Une compr\u00e9hension fondamentale de la s\u00e9curit\u00e9 de l\u2019information et de la protection de la vie priv\u00e9e, et une connaissance approfondie des principes d\u2019audit.<\/p>","protected":false},"excerpt":{"rendered":"<p><strong>Buy this Self Paced training course<\/strong>\u00a0(at your own pace) and receive the courses, quizzes, exercises and the code to take the exam within a period of 1 year<\/p>","protected":false},"featured_media":1453,"comment_status":"open","ping_status":"closed","template":"","meta":{"site-sidebar-layout":"default","site-content-layout":"default","ast-site-content-layout":"default","site-content-style":"default","site-sidebar-style":"default","ast-global-header-display":"","ast-banner-title-visibility":"","ast-main-header-display":"","ast-hfb-above-header-display":"","ast-hfb-below-header-display":"","ast-hfb-mobile-header-display":"","site-post-title":"","ast-breadcrumbs-content":"","ast-featured-img":"","footer-sml-layout":"","ast-disable-related-posts":"","theme-transparent-header-meta":"default","adv-header-id-meta":"","stick-header-meta":"","header-above-stick-meta":"","header-main-stick-meta":"","header-below-stick-meta":"","astra-migrate-meta-layouts":"set","ast-page-background-enabled":"default","ast-page-background-meta":{"desktop":{"background-color":"","background-image":"","background-repeat":"repeat","background-position":"center center","background-size":"auto","background-attachment":"scroll","background-type":"","background-media":"","overlay-type":"","overlay-color":"","overlay-opacity":"","overlay-gradient":""},"tablet":{"background-color":"","background-image":"","background-repeat":"repeat","background-position":"center center","background-size":"auto","background-attachment":"scroll","background-type":"","background-media":"","overlay-type":"","overlay-color":"","overlay-opacity":"","overlay-gradient":""},"mobile":{"background-color":"","background-image":"","background-repeat":"repeat","background-position":"center center","background-size":"auto","background-attachment":"scroll","background-type":"","background-media":"","overlay-type":"","overlay-color":"","overlay-opacity":"","overlay-gradient":""}},"ast-content-background-meta":{"desktop":{"background-color":"var(--ast-global-color-5)","background-image":"","background-repeat":"repeat","background-position":"center center","background-size":"auto","background-attachment":"scroll","background-type":"","background-media":"","overlay-type":"","overlay-color":"","overlay-opacity":"","overlay-gradient":""},"tablet":{"background-color":"var(--ast-global-color-5)","background-image":"","background-repeat":"repeat","background-position":"center center","background-size":"auto","background-attachment":"scroll","background-type":"","background-media":"","overlay-type":"","overlay-color":"","overlay-opacity":"","overlay-gradient":""},"mobile":{"background-color":"var(--ast-global-color-5)","background-image":"","background-repeat":"repeat","background-position":"center center","background-size":"auto","background-attachment":"scroll","background-type":"","background-media":"","overlay-type":"","overlay-color":"","overlay-opacity":"","overlay-gradient":""}}},"product_brand":[],"product_cat":[36],"product_tag":[37,44,66,39],"class_list":{"0":"post-1232","1":"product","2":"type-product","3":"status-publish","4":"has-post-thumbnail","6":"product_cat-none","7":"product_tag-certification-iso","8":"product_tag-cybersecurity","9":"product_tag-pecb-iso-iec-27701-lead-auditor","10":"product_tag-voucher","11":"desktop-align-left","12":"tablet-align-left","13":"mobile-align-left","15":"first","16":"instock","17":"sale","18":"taxable","19":"shipping-taxable","20":"purchasable","21":"product-type-simple"},"_links":{"self":[{"href":"https:\/\/kekeliacademy.com\/en\/wp-json\/wp\/v2\/product\/1232","targetHints":{"allow":["GET"]}}],"collection":[{"href":"https:\/\/kekeliacademy.com\/en\/wp-json\/wp\/v2\/product"}],"about":[{"href":"https:\/\/kekeliacademy.com\/en\/wp-json\/wp\/v2\/types\/product"}],"replies":[{"embeddable":true,"href":"https:\/\/kekeliacademy.com\/en\/wp-json\/wp\/v2\/comments?post=1232"}],"wp:featuredmedia":[{"embeddable":true,"href":"https:\/\/kekeliacademy.com\/en\/wp-json\/wp\/v2\/media\/1453"}],"wp:attachment":[{"href":"https:\/\/kekeliacademy.com\/en\/wp-json\/wp\/v2\/media?parent=1232"}],"wp:term":[{"taxonomy":"product_brand","embeddable":true,"href":"https:\/\/kekeliacademy.com\/en\/wp-json\/wp\/v2\/product_brand?post=1232"},{"taxonomy":"product_cat","embeddable":true,"href":"https:\/\/kekeliacademy.com\/en\/wp-json\/wp\/v2\/product_cat?post=1232"},{"taxonomy":"product_tag","embeddable":true,"href":"https:\/\/kekeliacademy.com\/en\/wp-json\/wp\/v2\/product_tag?post=1232"}],"curies":[{"name":"wp","href":"https:\/\/api.w.org\/{rel}","templated":true}]}}