{"id":1223,"date":"2024-06-21T19:41:06","date_gmt":"2024-06-21T19:41:06","guid":{"rendered":"https:\/\/kekeliacademy.com\/?post_type=product&#038;p=1223"},"modified":"2025-04-06T00:46:06","modified_gmt":"2025-04-06T00:46:06","slug":"self-paced-pecb-iso-iec-17025-lead-implementer","status":"publish","type":"product","link":"https:\/\/kekeliacademy.com\/en\/product\/self-paced-pecb-iso-iec-17025-lead-implementer\/","title":{"rendered":"Self Paced PECB ISO\/IEC 17025 Lead Implementer"},"content":{"rendered":"<p><strong>Buy this Self Paced training course<\/strong>\u00a0(at your own pace) and receive the courses, quizzes, exercises and the code to take the exam within a period of 1 year<\/p>\n<p>The option\u00a0<strong>Self Paced<\/strong>\u00a0gives you :<\/p>\n<ul>\n<li><strong>Self-paced online course support in the KATE web or desktop application<\/strong>\u00a0with exercises and quizzes and their answers<\/li>\n<li><strong>The exam voucher with a retake\u00a0<\/strong>: you will have one year to take the exam from the moment the voucher is generated<\/li>\n<li><strong>PECB certification\u00a0<\/strong>: you will receive your certification as soon as you have validated your exam and fulfilled the necessary conditions<\/li>\n<\/ul>\n<h2 class=\"wp-block-heading\">ISO\/IEC 17025 Lead Implementer<\/h2>\n<h3 class=\"wp-block-heading\">Why should you attend?<\/h3>\n<p>La formation ISO\/IEC\u00a017025 Lead Implementer vous permettra d\u2019acqu\u00e9rir l\u2019expertise n\u00e9cessaire pour accompagner les laboratoires dans leurs engagements \u00e0 satisfaire aux exigences de la norme gr\u00e2ce \u00e0 la mise en \u0153uvre du syst\u00e8me de contr\u00f4le de la qualit\u00e9 selon la norme ISO\/IEC 17025.\u00a0Cette formation est con\u00e7ue de mani\u00e8re \u00e0 vous doter d\u2019une ma\u00eetrise des meilleures pratiques en mati\u00e8re de Syst\u00e8mes de management des laboratoires d\u2019\u00e9talonnages et d\u2019essais afin de produire des r\u00e9sultats de mesure fiables, permettre \u00e0 votre laboratoire d\u2019obtenir l\u2019accr\u00e9ditation et la reconnaissance internationale.<\/p>\n<p>Apr\u00e8s avoir ma\u00eetris\u00e9 l\u2019ensemble des concepts relatifs aux Syst\u00e8mes de management des laboratoires d\u2019\u00e9talonnages et d\u2019essais, vous pouvez vous pr\u00e9senter \u00e0 l\u2019examen et postuler au titre de \u00ab PECB \u00a0Certified ISO\/IEC 17025 Lead Implementer \u00bb. En \u00e9tant titulaire d\u2019une certification PECB, vous d\u00e9montrerez que vous disposez des connaissances pratiques et des comp\u00e9tences professionnelles pour mettre en \u0153uvre la norme ISO\/IEC 17025 dans votre laboratoire.<\/p>\n<h3 class=\"wp-block-heading\">\u00a0Who can Attend?<\/h3>\n<ul>\n<li>Tout professionnel engag\u00e9 aupr\u00e8s des laboratoires d\u2019\u00e9talonnages et d\u2019essais<\/li>\n<li>Responsables ou consultants d\u00e9sirant ma\u00eetriser la mise en \u0153uvre d\u2019un Syst\u00e8me de management des laboratoires<\/li>\n<li>Techniciens des laboratoires responsables du maintien de la conformit\u00e9 aux exigences relatives \u00e0 l\u2019accr\u00e9ditation des laboratoires d\u2019\u00e9talonnages et d\u2019essais<\/li>\n<li>Personnes responsables du soutien des activit\u00e9s d\u2019un laboratoire d\u2019\u00e9talonnages et d\u2019essais<\/li>\n<li>Conseillers sp\u00e9cialis\u00e9s d\u00e9sirant pr\u00e9parer l\u2019\u00e9valuation des comp\u00e9tences des laboratoires d\u2019\u00e9talonnages et d\u2019essais<\/li>\n<\/ul>\n<h3 class=\"wp-block-heading\">Learning objectives<\/h3>\n<ul>\n<li>Comprendre \u00a0la corr\u00e9lation entre la norme ISO\/IEC 17025 et les autres normes et cadres r\u00e9glementaires<\/li>\n<li>Ma\u00eetriser les concepts, approches, m\u00e9thodes et techniques n\u00e9cessaires pour mettre en \u0153uvre et g\u00e9rer efficacement un Syst\u00e8me de management des laboratoires d\u2019\u00e9talonnages et d\u2019essais<\/li>\n<li>Savoir interpr\u00e9ter les exigences de la norme ISO\/IEC\u00a017025 dans le contexte sp\u00e9cifique d\u2019un laboratoire<\/li>\n<li>Savoir accompagner un laboratoire dans la r\u00e9alisation des essais et autres activit\u00e9s op\u00e9rationnelles<\/li>\n<li>Acqu\u00e9rir l\u2019expertise n\u00e9cessaire pour conseiller un laboratoire sur la mise en \u0153uvre des meilleures pratiques relatives au Syst\u00e8me de management des laboratoires d\u2019\u00e9talonnages et d\u2019essais<\/li>\n<\/ul>\n<h3 class=\"wp-block-heading\">Educational approach<\/h3>\n<ul>\n<li>Cette formation est bas\u00e9e \u00e0 la fois sur la th\u00e9orie et sur les meilleures pratiques utilis\u00e9es pour la mise en \u0153uvre du SML<\/li>\n<li>Encourages interaction between trainers and participants through questions and discussions<\/li>\n<li>The participants are encouraged to communicate and engage in discussions and exercises.<\/li>\n<li>Prepare an organization to undergo a third-party certification audit<\/li>\n<\/ul>\n<h3 class=\"wp-block-heading\">Prerequisites<\/h3>\n<p>Une bonne connaissance de la norme ISO\/IEC 17025 et des connaissances approfondies des principes de sa mise en \u0153uvre.<\/p>","protected":false},"excerpt":{"rendered":"<p><strong>Buy this Self Paced training course<\/strong>\u00a0(at your own pace) and receive the courses, quizzes, exercises and the code to take the exam within a period of 1 year<\/p>","protected":false},"featured_media":1464,"comment_status":"open","ping_status":"closed","template":"","meta":{"site-sidebar-layout":"default","site-content-layout":"default","ast-site-content-layout":"default","site-content-style":"default","site-sidebar-style":"default","ast-global-header-display":"","ast-banner-title-visibility":"","ast-main-header-display":"","ast-hfb-above-header-display":"","ast-hfb-below-header-display":"","ast-hfb-mobile-header-display":"","site-post-title":"","ast-breadcrumbs-content":"","ast-featured-img":"","footer-sml-layout":"","ast-disable-related-posts":"","theme-transparent-header-meta":"default","adv-header-id-meta":"","stick-header-meta":"","header-above-stick-meta":"","header-main-stick-meta":"","header-below-stick-meta":"","astra-migrate-meta-layouts":"set","ast-page-background-enabled":"default","ast-page-background-meta":{"desktop":{"background-color":"","background-image":"","background-repeat":"repeat","background-position":"center center","background-size":"auto","background-attachment":"scroll","background-type":"","background-media":"","overlay-type":"","overlay-color":"","overlay-opacity":"","overlay-gradient":""},"tablet":{"background-color":"","background-image":"","background-repeat":"repeat","background-position":"center center","background-size":"auto","background-attachment":"scroll","background-type":"","background-media":"","overlay-type":"","overlay-color":"","overlay-opacity":"","overlay-gradient":""},"mobile":{"background-color":"","background-image":"","background-repeat":"repeat","background-position":"center center","background-size":"auto","background-attachment":"scroll","background-type":"","background-media":"","overlay-type":"","overlay-color":"","overlay-opacity":"","overlay-gradient":""}},"ast-content-background-meta":{"desktop":{"background-color":"var(--ast-global-color-5)","background-image":"","background-repeat":"repeat","background-position":"center center","background-size":"auto","background-attachment":"scroll","background-type":"","background-media":"","overlay-type":"","overlay-color":"","overlay-opacity":"","overlay-gradient":""},"tablet":{"background-color":"var(--ast-global-color-5)","background-image":"","background-repeat":"repeat","background-position":"center center","background-size":"auto","background-attachment":"scroll","background-type":"","background-media":"","overlay-type":"","overlay-color":"","overlay-opacity":"","overlay-gradient":""},"mobile":{"background-color":"var(--ast-global-color-5)","background-image":"","background-repeat":"repeat","background-position":"center center","background-size":"auto","background-attachment":"scroll","background-type":"","background-media":"","overlay-type":"","overlay-color":"","overlay-opacity":"","overlay-gradient":""}}},"product_brand":[],"product_cat":[36],"product_tag":[37,79,82,39],"class_list":{"0":"post-1223","1":"product","2":"type-product","3":"status-publish","4":"has-post-thumbnail","6":"product_cat-none","7":"product_tag-certification-iso","8":"product_tag-laboratory","9":"product_tag-pecb-iso-17025-lead-implementer","10":"product_tag-voucher","11":"desktop-align-left","12":"tablet-align-left","13":"mobile-align-left","15":"first","16":"instock","17":"sale","18":"taxable","19":"shipping-taxable","20":"purchasable","21":"product-type-simple"},"_links":{"self":[{"href":"https:\/\/kekeliacademy.com\/en\/wp-json\/wp\/v2\/product\/1223","targetHints":{"allow":["GET"]}}],"collection":[{"href":"https:\/\/kekeliacademy.com\/en\/wp-json\/wp\/v2\/product"}],"about":[{"href":"https:\/\/kekeliacademy.com\/en\/wp-json\/wp\/v2\/types\/product"}],"replies":[{"embeddable":true,"href":"https:\/\/kekeliacademy.com\/en\/wp-json\/wp\/v2\/comments?post=1223"}],"wp:featuredmedia":[{"embeddable":true,"href":"https:\/\/kekeliacademy.com\/en\/wp-json\/wp\/v2\/media\/1464"}],"wp:attachment":[{"href":"https:\/\/kekeliacademy.com\/en\/wp-json\/wp\/v2\/media?parent=1223"}],"wp:term":[{"taxonomy":"product_brand","embeddable":true,"href":"https:\/\/kekeliacademy.com\/en\/wp-json\/wp\/v2\/product_brand?post=1223"},{"taxonomy":"product_cat","embeddable":true,"href":"https:\/\/kekeliacademy.com\/en\/wp-json\/wp\/v2\/product_cat?post=1223"},{"taxonomy":"product_tag","embeddable":true,"href":"https:\/\/kekeliacademy.com\/en\/wp-json\/wp\/v2\/product_tag?post=1223"}],"curies":[{"name":"wp","href":"https:\/\/api.w.org\/{rel}","templated":true}]}}