{"id":1222,"date":"2024-06-21T19:39:35","date_gmt":"2024-06-21T19:39:35","guid":{"rendered":"https:\/\/kekeliacademy.com\/?post_type=product&#038;p=1222"},"modified":"2025-04-06T00:46:14","modified_gmt":"2025-04-06T00:46:14","slug":"self-paced-pecb-iso-iec-17025-lead-assessor","status":"publish","type":"product","link":"https:\/\/kekeliacademy.com\/en\/product\/self-paced-pecb-iso-iec-17025-lead-assessor\/","title":{"rendered":"Self Paced PECB ISO\/IEC 17025 Lead Assessor"},"content":{"rendered":"<p><strong>Buy this Self Paced training course<\/strong>\u00a0(at your own pace) and receive the courses, quizzes, exercises and the code to take the exam within a period of 1 year<\/p>\n<p>The option\u00a0<strong>Self Paced<\/strong>\u00a0gives you :<\/p>\n<ul>\n<li><strong>Self-paced online course support in the KATE web or desktop application<\/strong>\u00a0with exercises and quizzes and their answers<\/li>\n<li><strong>The exam voucher with a retake\u00a0<\/strong>: you will have one year to take the exam from the moment the voucher is generated<\/li>\n<li><strong>PECB certification\u00a0<\/strong>: you will receive your certification as soon as you have validated your exam and fulfilled the necessary conditions<\/li>\n<\/ul>\n<h2 class=\"wp-block-heading\">ISO\/IEC 17025 Lead Assessor<\/h2>\n<h3 class=\"wp-block-heading\">Why should you attend?<\/h3>\n<p>La formation ISO\/IEC 17025 Lead Assessor vous permettra de diriger efficacement un laboratoire vers l\u2019accr\u00e9ditation ISO\/IEC 17025 en am\u00e9liorant votre compr\u00e9hension des op\u00e9rations qualit\u00e9, administratives et techniques. Cette formation vous dotera des connaissances et des comp\u00e9tences n\u00e9cessaires pour planifier et diriger une \u00e9valuation ISO\/IEC 17025.<\/p>\n<p>Gr\u00e2ce aux exercices pratiques, vous serez en mesure de ma\u00eetriser les techniques d\u2019\u00e9valuation et disposerez des comp\u00e9tences requises pour \u00e9valuer la conformit\u00e9 \u00a0aux principes et exigences d\u2019un syst\u00e8me de management de la qualit\u00e9 et aux demandes techniques de l\u2019ISO\/IEC\u00a017025.<\/p>\n<p>Apr\u00e8s avoir acquis l\u2019expertise n\u00e9cessaire pour r\u00e9aliser l\u2019\u00e9valuation conform\u00e9ment \u00e0 cette norme, vous pouvez vous pr\u00e9senter \u00e0 l\u2019examen et postuler au titre de \u00ab PECB Certified ISO\/IEC\u00a017025 Lead Assessor \u00a0\u00bb. Le certificat PECB atteste que vous avez acquis les capacit\u00e9s n\u00e9cessaires pour \u00e9valuer la comp\u00e9tence des laboratoires d\u2019\u00e9talonnages et d\u2019essais selon les meilleures pratiques.<\/p>\n<h3 class=\"wp-block-heading\">Who can Attend?<\/h3>\n<ul>\n<li>Toute personne souhaitant devenir un \u00e9valuateur pour un organisme d\u2019accr\u00e9ditation ISO\/IEC 17025<\/li>\n<li>\u00c9valuateurs souhaitant r\u00e9aliser des \u00e9valuations des comp\u00e9tences des laboratoires d\u2019\u00e9talonnages et d\u2019essaies<\/li>\n<li>Responsables ou consultants d\u00e9sirant ma\u00eetriser l\u2019\u00e9valuation ISO\/IEC 17025<\/li>\n<li>Techniciens des laboratoires responsables du maintien de la conformit\u00e9 aux exigences relatives aux comp\u00e9tences des laboratoires d\u2019\u00e9talonnages et d\u2019essais<\/li>\n<li>Experts techniques d\u00e9sirant pr\u00e9parer l\u2019\u00e9valuation de la comp\u00e9tence des laboratoires d\u2019\u00e9talonnages et d\u2019essais<\/li>\n<\/ul>\n<h3 class=\"wp-block-heading\">Learning objectives<\/h3>\n<ul>\n<li>Savoir interpr\u00e9ter les exigences ISO\/IEC 17025 pour \u00e9valuer les activit\u00e9s d\u2019\u00e9talonnages et d\u2019essais d\u2019un syst\u00e8me de management de la qualit\u00e9<\/li>\n<li>Comprendre le fonctionnement d\u2019un laboratoire d\u2019\u00e9talonnages et d\u2019essais selon la norme ISO\/IEC 17025<\/li>\n<li>Conna\u00eetre la corr\u00e9lation entre la norme ISO\/IEC 17025 et la norme ISO 9001, ainsi qu\u2019avec d\u2019autres normes et cadres r\u00e9glementaires<\/li>\n<li>Comprendre le r\u00f4le d\u2019un \u00e9valuateur : planifier, diriger et assurer le suivi des \u00e9valuations et l\u2019accr\u00e9ditation<\/li>\n<li>Acqu\u00e9rir les comp\u00e9tences d\u2019\u00e9valuateur dans le but de : planifier une \u00e9valuation, diriger une \u00e9valuation, r\u00e9diger des rapports et assurer le suivi d\u2019une \u00e9valuation, en conformit\u00e9 avec les exigences de la norme ISO\/IEC 17011<\/li>\n<\/ul>\n<h3 class=\"wp-block-heading\">Educational approach<\/h3>\n<ul>\n<li>Cette formation est bas\u00e9e \u00e0 la fois sur la th\u00e9orie et sur les meilleures pratiques utilis\u00e9es dans l\u2019\u00e9valuation des comp\u00e9tences des laboratoires d\u2019\u00e9talonnages et d\u2019essais<\/li>\n<li>Provides lecture sessions are illustrated with practical exercises based on a case study which includes role-playing and discussions<\/li>\n<li>The participants are encouraged to communicate and engage in discussions and exercises.<\/li>\n<li>Prepare an organization to undergo a third-party certification audit<\/li>\n<\/ul>\n<h3 class=\"wp-block-heading\">Prerequisites<\/h3>\n<p>Une bonne connaissance de la norme ISO\/IEC 17025 et des connaissances approfondies des principes d\u2019\u00e9valuation.<\/p>","protected":false},"excerpt":{"rendered":"<p><strong>Buy this Self Paced training course<\/strong>\u00a0(at your own pace) and receive the courses, quizzes, exercises and the code to take the exam within a period of 1 year<\/p>","protected":false},"featured_media":1465,"comment_status":"open","ping_status":"closed","template":"","meta":{"site-sidebar-layout":"default","site-content-layout":"default","ast-site-content-layout":"default","site-content-style":"default","site-sidebar-style":"default","ast-global-header-display":"","ast-banner-title-visibility":"","ast-main-header-display":"","ast-hfb-above-header-display":"","ast-hfb-below-header-display":"","ast-hfb-mobile-header-display":"","site-post-title":"","ast-breadcrumbs-content":"","ast-featured-img":"","footer-sml-layout":"","ast-disable-related-posts":"","theme-transparent-header-meta":"default","adv-header-id-meta":"","stick-header-meta":"","header-above-stick-meta":"","header-main-stick-meta":"","header-below-stick-meta":"","astra-migrate-meta-layouts":"set","ast-page-background-enabled":"default","ast-page-background-meta":{"desktop":{"background-color":"","background-image":"","background-repeat":"repeat","background-position":"center center","background-size":"auto","background-attachment":"scroll","background-type":"","background-media":"","overlay-type":"","overlay-color":"","overlay-opacity":"","overlay-gradient":""},"tablet":{"background-color":"","background-image":"","background-repeat":"repeat","background-position":"center center","background-size":"auto","background-attachment":"scroll","background-type":"","background-media":"","overlay-type":"","overlay-color":"","overlay-opacity":"","overlay-gradient":""},"mobile":{"background-color":"","background-image":"","background-repeat":"repeat","background-position":"center center","background-size":"auto","background-attachment":"scroll","background-type":"","background-media":"","overlay-type":"","overlay-color":"","overlay-opacity":"","overlay-gradient":""}},"ast-content-background-meta":{"desktop":{"background-color":"var(--ast-global-color-5)","background-image":"","background-repeat":"repeat","background-position":"center center","background-size":"auto","background-attachment":"scroll","background-type":"","background-media":"","overlay-type":"","overlay-color":"","overlay-opacity":"","overlay-gradient":""},"tablet":{"background-color":"var(--ast-global-color-5)","background-image":"","background-repeat":"repeat","background-position":"center center","background-size":"auto","background-attachment":"scroll","background-type":"","background-media":"","overlay-type":"","overlay-color":"","overlay-opacity":"","overlay-gradient":""},"mobile":{"background-color":"var(--ast-global-color-5)","background-image":"","background-repeat":"repeat","background-position":"center center","background-size":"auto","background-attachment":"scroll","background-type":"","background-media":"","overlay-type":"","overlay-color":"","overlay-opacity":"","overlay-gradient":""}}},"product_brand":[],"product_cat":[36],"product_tag":[37,79,83,39],"class_list":{"0":"post-1222","1":"product","2":"type-product","3":"status-publish","4":"has-post-thumbnail","6":"product_cat-none","7":"product_tag-certification-iso","8":"product_tag-laboratory","9":"product_tag-pecb-iso-iec-17025-lead-assessor","10":"product_tag-voucher","11":"desktop-align-left","12":"tablet-align-left","13":"mobile-align-left","15":"first","16":"instock","17":"sale","18":"taxable","19":"shipping-taxable","20":"purchasable","21":"product-type-simple"},"_links":{"self":[{"href":"https:\/\/kekeliacademy.com\/en\/wp-json\/wp\/v2\/product\/1222","targetHints":{"allow":["GET"]}}],"collection":[{"href":"https:\/\/kekeliacademy.com\/en\/wp-json\/wp\/v2\/product"}],"about":[{"href":"https:\/\/kekeliacademy.com\/en\/wp-json\/wp\/v2\/types\/product"}],"replies":[{"embeddable":true,"href":"https:\/\/kekeliacademy.com\/en\/wp-json\/wp\/v2\/comments?post=1222"}],"wp:featuredmedia":[{"embeddable":true,"href":"https:\/\/kekeliacademy.com\/en\/wp-json\/wp\/v2\/media\/1465"}],"wp:attachment":[{"href":"https:\/\/kekeliacademy.com\/en\/wp-json\/wp\/v2\/media?parent=1222"}],"wp:term":[{"taxonomy":"product_brand","embeddable":true,"href":"https:\/\/kekeliacademy.com\/en\/wp-json\/wp\/v2\/product_brand?post=1222"},{"taxonomy":"product_cat","embeddable":true,"href":"https:\/\/kekeliacademy.com\/en\/wp-json\/wp\/v2\/product_cat?post=1222"},{"taxonomy":"product_tag","embeddable":true,"href":"https:\/\/kekeliacademy.com\/en\/wp-json\/wp\/v2\/product_tag?post=1222"}],"curies":[{"name":"wp","href":"https:\/\/api.w.org\/{rel}","templated":true}]}}