{"id":1219,"date":"2024-06-21T19:31:50","date_gmt":"2024-06-21T19:31:50","guid":{"rendered":"https:\/\/kekeliacademy.com\/?post_type=product&#038;p=1219"},"modified":"2025-04-06T00:47:01","modified_gmt":"2025-04-06T00:47:01","slug":"self-paced-pecb-iso-45001-lead-implementer","status":"publish","type":"product","link":"https:\/\/kekeliacademy.com\/en\/product\/self-paced-pecb-iso-45001-lead-implementer\/","title":{"rendered":"Self Paced PECB ISO 45001 Lead Implementer"},"content":{"rendered":"<p><strong>Buy this Self Paced training course<\/strong>\u00a0(at your own pace) and receive the courses, quizzes, exercises and the code to take the exam within a period of 1 year<\/p>\n<p>The option\u00a0<strong>Self Paced<\/strong>\u00a0gives you :<\/p>\n<ul>\n<li><strong>Self-paced online course support in the KATE web or desktop application<\/strong>\u00a0with exercises and quizzes and their answers<\/li>\n<li><strong>The exam voucher with a retake\u00a0<\/strong>: you will have one year to take the exam from the moment the voucher is generated<\/li>\n<li><strong>PECB certification\u00a0<\/strong>: you will receive your certification as soon as you have validated your exam and fulfilled the necessary conditions<\/li>\n<\/ul>\n<h2 class=\"wp-block-heading\">ISO 45001 Lead Implementer<\/h2>\n<h3 class=\"wp-block-heading\">Why should you attend?<\/h3>\n<p>La formation PECB ISO 45001 Lead Implementer est une formation de cinq jours qui a pour but de vous doter de comp\u00e9tences n\u00e9cessaires pour mettre en place, mettre en \u0153uvre, g\u00e9rer et maintenir un syst\u00e8me de management de la sant\u00e9 et de la s\u00e9curit\u00e9 au travail (SMSST) conform\u00e9ment aux exigences et aux lignes directrices de la norme ISO 45001:2018. Elle a pour objectif d\u2019offrir une compr\u00e9hension approfondie des exigences de la norme ISO 45001, ainsi que des meilleures pratiques et approches utilis\u00e9es pour la mise en \u0153uvre et le maintien ult\u00e9rieur d\u2019un SMSST. L&rsquo;ambition finale de cette formation est de vous permettre de cr\u00e9er les conditions favorables pour lieu de travail plus s\u00fbr.<\/p>\n<p>La formation est suivie de l&rsquo;examen de certification. Si vous r\u00e9ussissez l&rsquo;examen, vous pourrez demander la certification \u00ab PECB Certified ISO 45001 Lead Implementer \u00bb. Accr\u00e9dit\u00e9 par l&rsquo;IAS et reconnu au plan international, le certificat \u00ab PECB ISO 45001 Lead Implementer \u00bb valide votre comp\u00e9tence pour la mise en \u0153uvre d&rsquo;un SMSST conform\u00e9ment aux exigences de la norme ISO 45001.<\/p>\n<h3 class=\"wp-block-heading\">Who can Attend?<\/h3>\n<p>La certification ISO\/IEC 45001 Lead Implementer est destin\u00e9e aux :<\/p>\n<ul>\n<li style=\"list-style-type: none;\">\n<ul>\n<li>Personnes charg\u00e9es du maintien et de l&rsquo;am\u00e9lioration de la s\u00e9curit\u00e9 sur le lieu de travail<\/li>\n<li>Agents, consultants et conseillers en mati\u00e8re de sant\u00e9 et de s\u00e9curit\u00e9 au travail<\/li>\n<li>Professionnels souhaitant se familiariser avec la m\u00e9thodologie IMS2 de PECB pour la mise en \u0153uvre d&rsquo;un SMSST<\/li>\n<li>Personnes charg\u00e9es de maintenir la conformit\u00e9 du SMSST aux exigences de la norme ISO 45001<\/li>\n<li>Membres des \u00e9quipes de sant\u00e9 et s\u00e9curit\u00e9 au travail<\/li>\n<li>Personnes aspirant faire carri\u00e8re en tant que responsables de la mise en \u0153uvre d&rsquo;un SMSST, consultants ou agents<\/li>\n<\/ul>\n<\/li>\n<\/ul>\n<h3 class=\"wp-block-heading\">Learning objectives<\/h3>\n<p>By the end of the training course, participants will be able to:<\/p>\n<ul>\n<li>Expliquer les concepts et principes fondamentaux d&rsquo;un syst\u00e8me de management de la sant\u00e9 et de la s\u00e9curit\u00e9 au travail (SMSST) conform\u00e9ment \u00e0 la norme ISO 45001<\/li>\n<li>Interpr\u00e9ter les exigences de la norme ISO 45001 pour un SMSST du point de vue d&rsquo;un auditeur<\/li>\n<li>Initier et planifier la mise en \u0153uvre d&rsquo;un SMSST conform\u00e9ment \u00e0 la norme ISO 45001, en utilisant la m\u00e9thodologie IMS2 de PECB et d&rsquo;autres meilleures pratiques<\/li>\n<li>Accompagner une organisation dans le fonctionnement, le maintien et l&rsquo;am\u00e9lioration continue d&rsquo;un SMSST conform\u00e9ment \u00e0 la norme ISO 45001<\/li>\n<li>Pr\u00e9parer une organisation \u00e0 se soumettre \u00e0 un audit de certification par un tiers<\/li>\n<\/ul>\n<h3 class=\"wp-block-heading\">Educational approach<\/h3>\n<p>Cette formation est centr\u00e9e sur le participant et offre les \u00e9l\u00e9ments suivants :<\/p>\n<ul>\n<li>Th\u00e9ories, approches et meilleures pratiques utilis\u00e9es lors de la mise en oeuvre de SMSST<\/li>\n<li>Exemples illustratifs pendant les quatre jours que dure la formation<\/li>\n<li>Lecture sessions illustrated with practical examples based on a case study that includes role-playing and discussions<\/li>\n<li>Interactions entre les participants \u00e0 travers des questions et des suggestions<\/li>\n<li>Des questionnaires avec des questions ind\u00e9pendantes (apr\u00e8s chaque section) et des questionnaires bas\u00e9s sur des sc\u00e9narios (au terme de chaque journ\u00e9e), destin\u00e9s \u00e0 pr\u00e9parer les participants \u00e0 l&rsquo;examen de certification<\/li>\n<\/ul>\n<h3 class=\"wp-block-heading\">Prerequisites<\/h3>\n<p>Les principales exigences pour participer \u00e0 cette formation sont : une connaissance fondamentale des normes ISO relatives aux syst\u00e8mes de management, une compr\u00e9hension g\u00e9n\u00e9rale de la norme ISO 45001 et des principes de mise en \u0153uvre du SM.<\/p>\n<div id=\"gtx-trans\" style=\"position: absolute; left: -4px; top: 1956.95px;\">\n<div class=\"gtx-trans-icon\"><\/div>\n<\/div>","protected":false},"excerpt":{"rendered":"<p><strong>Buy this Self Paced training course<\/strong>\u00a0(at your own pace) and receive the courses, quizzes, exercises and the code to take the exam within a period of 1 year<\/p>","protected":false},"featured_media":1467,"comment_status":"open","ping_status":"closed","template":"","meta":{"site-sidebar-layout":"default","site-content-layout":"default","ast-site-content-layout":"default","site-content-style":"default","site-sidebar-style":"default","ast-global-header-display":"","ast-banner-title-visibility":"","ast-main-header-display":"","ast-hfb-above-header-display":"","ast-hfb-below-header-display":"","ast-hfb-mobile-header-display":"","site-post-title":"","ast-breadcrumbs-content":"","ast-featured-img":"","footer-sml-layout":"","ast-disable-related-posts":"","theme-transparent-header-meta":"default","adv-header-id-meta":"","stick-header-meta":"","header-above-stick-meta":"","header-main-stick-meta":"","header-below-stick-meta":"","astra-migrate-meta-layouts":"set","ast-page-background-enabled":"default","ast-page-background-meta":{"desktop":{"background-color":"","background-image":"","background-repeat":"repeat","background-position":"center center","background-size":"auto","background-attachment":"scroll","background-type":"","background-media":"","overlay-type":"","overlay-color":"","overlay-opacity":"","overlay-gradient":""},"tablet":{"background-color":"","background-image":"","background-repeat":"repeat","background-position":"center center","background-size":"auto","background-attachment":"scroll","background-type":"","background-media":"","overlay-type":"","overlay-color":"","overlay-opacity":"","overlay-gradient":""},"mobile":{"background-color":"","background-image":"","background-repeat":"repeat","background-position":"center center","background-size":"auto","background-attachment":"scroll","background-type":"","background-media":"","overlay-type":"","overlay-color":"","overlay-opacity":"","overlay-gradient":""}},"ast-content-background-meta":{"desktop":{"background-color":"var(--ast-global-color-5)","background-image":"","background-repeat":"repeat","background-position":"center center","background-size":"auto","background-attachment":"scroll","background-type":"","background-media":"","overlay-type":"","overlay-color":"","overlay-opacity":"","overlay-gradient":""},"tablet":{"background-color":"var(--ast-global-color-5)","background-image":"","background-repeat":"repeat","background-position":"center center","background-size":"auto","background-attachment":"scroll","background-type":"","background-media":"","overlay-type":"","overlay-color":"","overlay-opacity":"","overlay-gradient":""},"mobile":{"background-color":"var(--ast-global-color-5)","background-image":"","background-repeat":"repeat","background-position":"center center","background-size":"auto","background-attachment":"scroll","background-type":"","background-media":"","overlay-type":"","overlay-color":"","overlay-opacity":"","overlay-gradient":""}}},"product_brand":[],"product_cat":[36],"product_tag":[37,44,85,39],"class_list":{"0":"post-1219","1":"product","2":"type-product","3":"status-publish","4":"has-post-thumbnail","6":"product_cat-none","7":"product_tag-certification-iso","8":"product_tag-cybersecurity","9":"product_tag-pecb-iso-45001-lead-implementer","10":"product_tag-voucher","11":"desktop-align-left","12":"tablet-align-left","13":"mobile-align-left","15":"first","16":"instock","17":"sale","18":"taxable","19":"shipping-taxable","20":"purchasable","21":"product-type-simple"},"_links":{"self":[{"href":"https:\/\/kekeliacademy.com\/en\/wp-json\/wp\/v2\/product\/1219","targetHints":{"allow":["GET"]}}],"collection":[{"href":"https:\/\/kekeliacademy.com\/en\/wp-json\/wp\/v2\/product"}],"about":[{"href":"https:\/\/kekeliacademy.com\/en\/wp-json\/wp\/v2\/types\/product"}],"replies":[{"embeddable":true,"href":"https:\/\/kekeliacademy.com\/en\/wp-json\/wp\/v2\/comments?post=1219"}],"wp:featuredmedia":[{"embeddable":true,"href":"https:\/\/kekeliacademy.com\/en\/wp-json\/wp\/v2\/media\/1467"}],"wp:attachment":[{"href":"https:\/\/kekeliacademy.com\/en\/wp-json\/wp\/v2\/media?parent=1219"}],"wp:term":[{"taxonomy":"product_brand","embeddable":true,"href":"https:\/\/kekeliacademy.com\/en\/wp-json\/wp\/v2\/product_brand?post=1219"},{"taxonomy":"product_cat","embeddable":true,"href":"https:\/\/kekeliacademy.com\/en\/wp-json\/wp\/v2\/product_cat?post=1219"},{"taxonomy":"product_tag","embeddable":true,"href":"https:\/\/kekeliacademy.com\/en\/wp-json\/wp\/v2\/product_tag?post=1219"}],"curies":[{"name":"wp","href":"https:\/\/api.w.org\/{rel}","templated":true}]}}