{"id":1216,"date":"2024-06-21T19:25:43","date_gmt":"2024-06-21T19:25:43","guid":{"rendered":"https:\/\/kekeliacademy.com\/?post_type=product&#038;p=1216"},"modified":"2025-04-06T00:47:16","modified_gmt":"2025-04-06T00:47:16","slug":"self-paced-pecb-iso-45001-lead-auditor","status":"publish","type":"product","link":"https:\/\/kekeliacademy.com\/en\/product\/self-paced-pecb-iso-45001-lead-auditor\/","title":{"rendered":"Self Paced PECB ISO 45001 Lead Auditor"},"content":{"rendered":"<p><strong>Buy this Self Paced training course<\/strong>\u00a0(at your own pace) and receive the courses, quizzes, exercises and the code to take the exam within a period of 1 year<\/p>\n<p>The option\u00a0<strong>Self Paced<\/strong>\u00a0gives you :<\/p>\n<ul>\n<li><strong>Self-paced online course support in the KATE web or desktop application<\/strong>\u00a0with exercises and quizzes and their answers<\/li>\n<li><strong>The exam voucher with a retake\u00a0<\/strong>: you will have one year to take the exam from the moment the voucher is generated<\/li>\n<li><strong>PECB certification\u00a0<\/strong>: you will receive your certification as soon as you have validated your exam and fulfilled the necessary conditions<\/li>\n<\/ul>\n<h2 class=\"wp-block-heading\">ISO 45001 Lead Auditor<\/h2>\n<h3 class=\"wp-block-heading\">Why should you attend?<\/h3>\n<p>La norme ISO 45001 est la premi\u00e8re norme mondiale relative au syst\u00e8me de management de la sant\u00e9 et de la s\u00e9curit\u00e9 au travail qui remplace la norme OHSAS 18001. La formation PECB Certified ISO 45001 Lead Auditor aide \u00e0 d\u00e9velopper les comp\u00e9tences n\u00e9cessaires pour effectuer des audits de syst\u00e8mes de management de la sant\u00e9 et de la s\u00e9curit\u00e9 au travail (SMSST) en appliquant des principes, des proc\u00e9dures et des m\u00e9thodes d\u2019audit largement reconnus.<\/p>\n<p>Cette formation a \u00e9t\u00e9 con\u00e7ue pour refl\u00e9ter l\u2019importance d\u2019un audit efficace. Elle renforce vos connaissances et comp\u00e9tences en mati\u00e8re de planification et de r\u00e9alisation d\u2019un audit du syst\u00e8me de management de la sant\u00e9 et de la s\u00e9curit\u00e9 au travail, conform\u00e9ment aux lignes directrices pour l\u2019audit des syst\u00e8mes de management fournies dans la norme ISO 19011 et au processus de certification d\u00e9crit dans la norme ISO\/IEC 17021-1.<\/p>\n<p>Les exercices fournis dans le cadre de cette formation sont con\u00e7us pour vous aider \u00e0 mettre en pratique les aspects les plus importants d\u2019un audit de SMSST, notamment : Les exigences de la norme ISO 45001, les principes d\u2019audit, les outils et techniques utilis\u00e9s pour obtenir des preuves, la direction d\u2019une \u00e9quipe d\u2019auditeurs, la conduite d\u2019entretiens avec les entit\u00e9s audit\u00e9es, l\u2019examen des informations document\u00e9es, la r\u00e9daction de rapports de non-conformit\u00e9 et la pr\u00e9paration du rapport d\u2019audit final.<\/p>\n<p>Cette formation est suivie d\u2019un examen. Si vous r\u00e9ussissez l\u2019examen, vous pourrez demander la certification \u00ab PECB Certified ISO 45001 Lead Auditor \u00bb. Un certificat \u00ab PECB ISO 45001 Lead Auditor \u00bb accr\u00e9dit\u00e9 par l\u2019IAS et internationalement reconnu, valide vos capacit\u00e9s professionnelles et d\u00e9montre que vous disposez des connaissances et des comp\u00e9tences requises pour r\u00e9aliser l\u2019audit d\u2019un SMSST conform\u00e9ment \u00e0 la norme 45001.<\/p>\n<h3 class=\"wp-block-heading\">Who can Attend?<\/h3>\n<ul>\n<li>Auditeurs int\u00e9ress\u00e9s par la r\u00e9alisation et la direction d\u2019audits de certification de SMSST<\/li>\n<li>Responsables ou consultants d\u00e9sireux d\u2019approfondir leurs connaissances du processus d\u2019audit de SMSST<\/li>\n<li>Auditeurs internes et personnes responsables du maintien de la conformit\u00e9 aux exigences de la norme ISO 45001<\/li>\n<li>Experts techniques souhaitant se pr\u00e9parer \u00e0 un audit de SMSST<\/li>\n<li>Conseillers experts en management de la sant\u00e9 et de la s\u00e9curit\u00e9 au travail<\/li>\n<\/ul>\n<h3 class=\"wp-block-heading\">Learning objectives<\/h3>\n<p>By the end of the training course, participants will be able to:<\/p>\n<ul>\n<li>Expliquer les concepts et les principes fondamentaux d\u2019un syst\u00e8me de management de la sant\u00e9 et de la s\u00e9curit\u00e9 au travail (SMSST) conform\u00e9ment \u00e0 la norme ISO 45001<\/li>\n<li>Interpr\u00e9ter les exigences de la norme ISO 45001 pour un SMSST du point de vue d\u2019un auditeur<\/li>\n<li>\u00c9valuer la conformit\u00e9 du SMSST aux exigences de la norme ISO 45001, en accord avec les concepts et les principes fondamentaux d\u2019audit<\/li>\n<li>Planifier, r\u00e9aliser et cl\u00f4turer un audit de conformit\u00e9 \u00e0 la norme ISO 45001, conform\u00e9ment aux exigences de la norme ISO\/IEC 17021-1, aux lignes directrices de la norme ISO 19011 et aux autres meilleures pratiques d\u2019audit<\/li>\n<li>G\u00e9rer un programme d\u2019audit conform\u00e9ment \u00e0 la norme ISO 45001<\/li>\n<\/ul>\n<h3 class=\"wp-block-heading\">Educational approach<\/h3>\n<p>Cette formation est centr\u00e9e sur le participant et offre les \u00e9l\u00e9ments suivants :<\/p>\n<ul>\n<li>Th\u00e9ories, meilleures pratiques utilis\u00e9es dans l\u2019audit du management de la sant\u00e9 et de la s\u00e9curit\u00e9 au travail<\/li>\n<li>Sessions de formation, illustr\u00e9es par des exercices pratiques bas\u00e9s sur une \u00e9tude de cas comprenant des jeux de r\u00f4le et des discussions<\/li>\n<li>Interactions entre les participants \u00e0 travers des questions et de suggestions<\/li>\n<li>Des questionnaires, qui constituent une simulation et un aper\u00e7u de l\u2019examen de certification<\/li>\n<\/ul>\n<h3 class=\"wp-block-heading\">Prerequisites<\/h3>\n<p>Les principales exigences pour participer \u00e0 cette formation r\u00e9sident dans une compr\u00e9hension fondamentale de la norme ISO 45001 et une connaissance approfondie des principes d\u2019audit.<\/p>","protected":false},"excerpt":{"rendered":"<p><strong>Buy this Self Paced training course<\/strong>\u00a0(at your own pace) and receive the courses, quizzes, exercises and the code to take the exam within a period of 1 year<\/p>","protected":false},"featured_media":1468,"comment_status":"open","ping_status":"closed","template":"","meta":{"site-sidebar-layout":"default","site-content-layout":"default","ast-site-content-layout":"default","site-content-style":"default","site-sidebar-style":"default","ast-global-header-display":"","ast-banner-title-visibility":"","ast-main-header-display":"","ast-hfb-above-header-display":"","ast-hfb-below-header-display":"","ast-hfb-mobile-header-display":"","site-post-title":"","ast-breadcrumbs-content":"","ast-featured-img":"","footer-sml-layout":"","ast-disable-related-posts":"","theme-transparent-header-meta":"default","adv-header-id-meta":"","stick-header-meta":"","header-above-stick-meta":"","header-main-stick-meta":"","header-below-stick-meta":"","astra-migrate-meta-layouts":"set","ast-page-background-enabled":"default","ast-page-background-meta":{"desktop":{"background-color":"","background-image":"","background-repeat":"repeat","background-position":"center center","background-size":"auto","background-attachment":"scroll","background-type":"","background-media":"","overlay-type":"","overlay-color":"","overlay-opacity":"","overlay-gradient":""},"tablet":{"background-color":"","background-image":"","background-repeat":"repeat","background-position":"center center","background-size":"auto","background-attachment":"scroll","background-type":"","background-media":"","overlay-type":"","overlay-color":"","overlay-opacity":"","overlay-gradient":""},"mobile":{"background-color":"","background-image":"","background-repeat":"repeat","background-position":"center center","background-size":"auto","background-attachment":"scroll","background-type":"","background-media":"","overlay-type":"","overlay-color":"","overlay-opacity":"","overlay-gradient":""}},"ast-content-background-meta":{"desktop":{"background-color":"var(--ast-global-color-5)","background-image":"","background-repeat":"repeat","background-position":"center center","background-size":"auto","background-attachment":"scroll","background-type":"","background-media":"","overlay-type":"","overlay-color":"","overlay-opacity":"","overlay-gradient":""},"tablet":{"background-color":"var(--ast-global-color-5)","background-image":"","background-repeat":"repeat","background-position":"center center","background-size":"auto","background-attachment":"scroll","background-type":"","background-media":"","overlay-type":"","overlay-color":"","overlay-opacity":"","overlay-gradient":""},"mobile":{"background-color":"var(--ast-global-color-5)","background-image":"","background-repeat":"repeat","background-position":"center center","background-size":"auto","background-attachment":"scroll","background-type":"","background-media":"","overlay-type":"","overlay-color":"","overlay-opacity":"","overlay-gradient":""}}},"product_brand":[],"product_cat":[36],"product_tag":[37,44,86,39],"class_list":{"0":"post-1216","1":"product","2":"type-product","3":"status-publish","4":"has-post-thumbnail","6":"product_cat-none","7":"product_tag-certification-iso","8":"product_tag-cybersecurity","9":"product_tag-pecb-iso-45001-lead-auditor","10":"product_tag-voucher","11":"desktop-align-left","12":"tablet-align-left","13":"mobile-align-left","15":"first","16":"instock","17":"sale","18":"taxable","19":"shipping-taxable","20":"purchasable","21":"product-type-simple"},"_links":{"self":[{"href":"https:\/\/kekeliacademy.com\/en\/wp-json\/wp\/v2\/product\/1216","targetHints":{"allow":["GET"]}}],"collection":[{"href":"https:\/\/kekeliacademy.com\/en\/wp-json\/wp\/v2\/product"}],"about":[{"href":"https:\/\/kekeliacademy.com\/en\/wp-json\/wp\/v2\/types\/product"}],"replies":[{"embeddable":true,"href":"https:\/\/kekeliacademy.com\/en\/wp-json\/wp\/v2\/comments?post=1216"}],"wp:featuredmedia":[{"embeddable":true,"href":"https:\/\/kekeliacademy.com\/en\/wp-json\/wp\/v2\/media\/1468"}],"wp:attachment":[{"href":"https:\/\/kekeliacademy.com\/en\/wp-json\/wp\/v2\/media?parent=1216"}],"wp:term":[{"taxonomy":"product_brand","embeddable":true,"href":"https:\/\/kekeliacademy.com\/en\/wp-json\/wp\/v2\/product_brand?post=1216"},{"taxonomy":"product_cat","embeddable":true,"href":"https:\/\/kekeliacademy.com\/en\/wp-json\/wp\/v2\/product_cat?post=1216"},{"taxonomy":"product_tag","embeddable":true,"href":"https:\/\/kekeliacademy.com\/en\/wp-json\/wp\/v2\/product_tag?post=1216"}],"curies":[{"name":"wp","href":"https:\/\/api.w.org\/{rel}","templated":true}]}}