{"id":1211,"date":"2024-06-21T19:18:34","date_gmt":"2024-06-21T19:18:34","guid":{"rendered":"https:\/\/kekeliacademy.com\/?post_type=product&#038;p=1211"},"modified":"2025-04-06T00:47:39","modified_gmt":"2025-04-06T00:47:39","slug":"self-paced-pecb-iso-50001-lead-implementer","status":"publish","type":"product","link":"https:\/\/kekeliacademy.com\/en\/product\/self-paced-pecb-iso-50001-lead-implementer\/","title":{"rendered":"Self Paced PECB ISO 50001 Lead Implementer"},"content":{"rendered":"<p><strong>Buy this Self Paced training course<\/strong>\u00a0(at your own pace) and receive the courses, quizzes, exercises and the code to take the exam within a period of 1 year<\/p>\n<p>The option\u00a0<strong>Self Paced<\/strong>\u00a0gives you :<\/p>\n<ul>\n<li><strong>Self-paced online course support in the KATE web or desktop application<\/strong>\u00a0with exercises and quizzes and their answers<\/li>\n<li><strong>The exam voucher with a retake\u00a0<\/strong>: you will have one year to take the exam from the moment the voucher is generated<\/li>\n<li><strong>PECB certification\u00a0<\/strong>: you will receive your certification as soon as you have validated your exam and fulfilled the necessary conditions<\/li>\n<\/ul>\n<h2 class=\"wp-block-heading\">ISO 50001 Lead Implementer<\/h2>\n<p>La formation ISO 50001 Lead Implementer vous permettra d\u2019acqu\u00e9rir l\u2019expertise n\u00e9cessaire pour accompagner une organisation lors de l\u2019\u00e9tablissement, la mise en \u0153uvre, la gestion et la tenue \u00e0 jour d\u2019un Syst\u00e8me de management de l\u2019\u00e9nergie (SM\u00c9) conforme \u00e0 la norme ISO 50001. Cette formation est con\u00e7ue de mani\u00e8re \u00e0 vous doter d\u2019une ma\u00eetrise des meilleures pratiques en mati\u00e8re de Syst\u00e8mes de management de l\u2019\u00e9nergie (SM\u00c9) et \u00e0 d\u00e9velopper vos aptitudes \u00e0 r\u00e9duire les co\u00fbts \u00e9nerg\u00e9tiques, am\u00e9liorer la performance \u00e9nerg\u00e9tique et le d\u00e9veloppement durable d\u2019une organisation.<\/p>\n<p>After mastering all the necessary concepts of Energy Management Systems, you can sit for the exam and apply for a \u201cPECB Certified ISO 50001 Lead Implementer\u201d credential. By holding a PECB Lead Implementer Certificate, you will be able to demonstrate that you have the practical knowledge and professional capabilities to implement ISO 50001 in an organization.<\/p>\n<h3 class=\"wp-block-heading\">Who can Attend?<\/h3>\n<ul>\n<li>Managers or consultants involved in Energy Management<\/li>\n<li>Expert advisors seeking to master the implementation of an Energy Management System<\/li>\n<li>Individuals responsible for maintaining conformance with EnMS requirements<\/li>\n<li>EnMS team members<\/li>\n<\/ul>\n<h3 class=\"wp-block-heading\">Learning objectives<\/h3>\n<ul>\n<li>Acknowledge the correlation between ISO 50001 and other standards and regulatory frameworks<\/li>\n<li>Master the concepts, approaches, methods and techniques used for the implementation and effective management of an EnMS<\/li>\n<li>Learn how to interpret the ISO 50001 requirements in the specific context of an organization<\/li>\n<li>Support an organization in operating, maintaining, and continually improving a QMS based on ISO 9001<\/li>\n<li>Acquire the expertise to advise an organization in implementing Energy Management System best practices<\/li>\n<\/ul>\n<h3 class=\"wp-block-heading\">Educational approach<\/h3>\n<ul>\n<li>This training is based on both theory and best practices used in the implementation of an EnMS<\/li>\n<li>Provides lecture sessions are illustrated with practical exercises based on a case study which includes role-playing and discussions<\/li>\n<li>The participants are encouraged to communicate and engage in discussions and exercises.<\/li>\n<li>Prepare an organization to undergo a third-party certification audit<\/li>\n<\/ul>\n<h3 class=\"wp-block-heading\">Prerequisites<\/h3>\n<p>A fundamental understanding of ISO 50001 and comprehensive knowledge of implementation principles.<\/p>","protected":false},"excerpt":{"rendered":"<p><strong>Buy this Self Paced training course<\/strong>\u00a0(at your own pace) and receive the courses, quizzes, exercises and the code to take the exam within a period of 1 year<\/p>","protected":false},"featured_media":1471,"comment_status":"open","ping_status":"closed","template":"","meta":{"site-sidebar-layout":"default","site-content-layout":"default","ast-site-content-layout":"default","site-content-style":"default","site-sidebar-style":"default","ast-global-header-display":"","ast-banner-title-visibility":"","ast-main-header-display":"","ast-hfb-above-header-display":"","ast-hfb-below-header-display":"","ast-hfb-mobile-header-display":"","site-post-title":"","ast-breadcrumbs-content":"","ast-featured-img":"","footer-sml-layout":"","ast-disable-related-posts":"","theme-transparent-header-meta":"default","adv-header-id-meta":"","stick-header-meta":"","header-above-stick-meta":"","header-main-stick-meta":"","header-below-stick-meta":"","astra-migrate-meta-layouts":"set","ast-page-background-enabled":"default","ast-page-background-meta":{"desktop":{"background-color":"","background-image":"","background-repeat":"repeat","background-position":"center center","background-size":"auto","background-attachment":"scroll","background-type":"","background-media":"","overlay-type":"","overlay-color":"","overlay-opacity":"","overlay-gradient":""},"tablet":{"background-color":"","background-image":"","background-repeat":"repeat","background-position":"center center","background-size":"auto","background-attachment":"scroll","background-type":"","background-media":"","overlay-type":"","overlay-color":"","overlay-opacity":"","overlay-gradient":""},"mobile":{"background-color":"","background-image":"","background-repeat":"repeat","background-position":"center center","background-size":"auto","background-attachment":"scroll","background-type":"","background-media":"","overlay-type":"","overlay-color":"","overlay-opacity":"","overlay-gradient":""}},"ast-content-background-meta":{"desktop":{"background-color":"var(--ast-global-color-5)","background-image":"","background-repeat":"repeat","background-position":"center center","background-size":"auto","background-attachment":"scroll","background-type":"","background-media":"","overlay-type":"","overlay-color":"","overlay-opacity":"","overlay-gradient":""},"tablet":{"background-color":"var(--ast-global-color-5)","background-image":"","background-repeat":"repeat","background-position":"center center","background-size":"auto","background-attachment":"scroll","background-type":"","background-media":"","overlay-type":"","overlay-color":"","overlay-opacity":"","overlay-gradient":""},"mobile":{"background-color":"var(--ast-global-color-5)","background-image":"","background-repeat":"repeat","background-position":"center center","background-size":"auto","background-attachment":"scroll","background-type":"","background-media":"","overlay-type":"","overlay-color":"","overlay-opacity":"","overlay-gradient":""}}},"product_brand":[],"product_cat":[36],"product_tag":[37,44,88,39],"class_list":{"0":"post-1211","1":"product","2":"type-product","3":"status-publish","4":"has-post-thumbnail","6":"product_cat-none","7":"product_tag-certification-iso","8":"product_tag-cybersecurity","9":"product_tag-pecb-iso-50001-lead-implementer","10":"product_tag-voucher","11":"desktop-align-left","12":"tablet-align-left","13":"mobile-align-left","15":"first","16":"instock","17":"sale","18":"taxable","19":"shipping-taxable","20":"purchasable","21":"product-type-simple"},"_links":{"self":[{"href":"https:\/\/kekeliacademy.com\/en\/wp-json\/wp\/v2\/product\/1211","targetHints":{"allow":["GET"]}}],"collection":[{"href":"https:\/\/kekeliacademy.com\/en\/wp-json\/wp\/v2\/product"}],"about":[{"href":"https:\/\/kekeliacademy.com\/en\/wp-json\/wp\/v2\/types\/product"}],"replies":[{"embeddable":true,"href":"https:\/\/kekeliacademy.com\/en\/wp-json\/wp\/v2\/comments?post=1211"}],"wp:featuredmedia":[{"embeddable":true,"href":"https:\/\/kekeliacademy.com\/en\/wp-json\/wp\/v2\/media\/1471"}],"wp:attachment":[{"href":"https:\/\/kekeliacademy.com\/en\/wp-json\/wp\/v2\/media?parent=1211"}],"wp:term":[{"taxonomy":"product_brand","embeddable":true,"href":"https:\/\/kekeliacademy.com\/en\/wp-json\/wp\/v2\/product_brand?post=1211"},{"taxonomy":"product_cat","embeddable":true,"href":"https:\/\/kekeliacademy.com\/en\/wp-json\/wp\/v2\/product_cat?post=1211"},{"taxonomy":"product_tag","embeddable":true,"href":"https:\/\/kekeliacademy.com\/en\/wp-json\/wp\/v2\/product_tag?post=1211"}],"curies":[{"name":"wp","href":"https:\/\/api.w.org\/{rel}","templated":true}]}}