{"id":1202,"date":"2024-06-21T18:48:18","date_gmt":"2024-06-21T18:48:18","guid":{"rendered":"https:\/\/kekeliacademy.com\/?post_type=product&#038;p=1202"},"modified":"2025-04-06T00:48:24","modified_gmt":"2025-04-06T00:48:24","slug":"self-paced-pecb-iso-26000-lead-implementer","status":"publish","type":"product","link":"https:\/\/kekeliacademy.com\/en\/product\/self-paced-pecb-iso-26000-lead-implementer\/","title":{"rendered":"Self Paced PECB ISO 26000 Lead Implementer"},"content":{"rendered":"<p><strong>Buy this Self Paced training course<\/strong>\u00a0(at your own pace) and receive the courses, quizzes, exercises and the code to take the exam within a period of 1 year<\/p>\n<p>The option\u00a0<strong>Self Paced<\/strong>\u00a0gives you :<\/p>\n<ul>\n<li><strong>Self-paced online course support in the KATE web or desktop application<\/strong>\u00a0with exercises and quizzes and their answers<\/li>\n<li><strong>The exam voucher with a retake\u00a0<\/strong>: you will have one year to take the exam from the moment the voucher is generated<\/li>\n<li><strong>PECB certification\u00a0<\/strong>: you will receive your certification as soon as you have validated your exam and fulfilled the necessary conditions<\/li>\n<\/ul>\n<h2 class=\"wp-block-heading\">ISO 26000 Lead Implementer<\/h2>\n<h3 class=\"wp-block-heading\">Why should you attend?<\/h3>\n<p>ISO 50001 Lead Implementer training enables you to develop the necessary expertise to support an organization in establishing, implementing, managing and maintaining an Energy Management System (EnMS) based on ISO 50001. During this training course, you will also gain a thorough understanding of the best practices of Energy Management Systems (EnMS) and be able to decrease an organization`s energy costs and improve its energy performance and sustainability.<\/p>\n<p>After mastering all the necessary concepts of Energy Management Systems, you can sit for the exam and apply for a \u201cPECB Certified ISO 50001 Lead Implementer\u201d credential. By holding a PECB Lead Implementer Certificate, you will be able to demonstrate that you have the practical knowledge and professional capabilities to implement ISO 50001 in an organization.<\/p>\n<h3 class=\"wp-block-heading\">Who can Attend?<\/h3>\n<ul>\n<li>Responsables ou consultants concern\u00e9s par\u00a0 la responsabilit\u00e9 soci\u00e9tale et engag\u00e9s dans celle-ci<\/li>\n<li>Conseillers sp\u00e9cialis\u00e9s souhaitant aider les organisations \u00e0 contribuer au d\u00e9veloppement durable et \u00e0 les encourager \u00e0 aller au-del\u00e0 du respect de la loi<\/li>\n<li>Toute personne responsable de l\u2019int\u00e9gration et de la promotion d\u2019un comportement responsable dans l\u2019ensemble de l\u2019organisation<\/li>\n<li>Toute personne souhaitant acqu\u00e9rir\u00a0 des connaissances sur les principes et les pratiques en mati\u00e8re de responsabilit\u00e9 soci\u00e9tale<\/li>\n<\/ul>\n<h3 class=\"wp-block-heading\">Learning objectives<\/h3>\n<ul>\n<li>Understand the ISO 26000 concepts, terms and definitions necessary to ensure an organization\u2019s contribution to sustainable development<\/li>\n<li>Ma\u00eetriser les questions centrales de la responsabilit\u00e9 soci\u00e9tale pour identifier les domaines d\u2019actions pertinents et \u00e9tablir les objectifs<\/li>\n<li>Savoir interpr\u00e9ter les principes et pratiques de responsabilit\u00e9 soci\u00e9tale<\/li>\n<li>Acqu\u00e9rir l\u2019expertise n\u00e9cessaire pour conseiller une organisation sur l\u2019int\u00e9gration du comportement responsable selon les lignes directrices de la norme ISO 26000<\/li>\n<\/ul>\n<h3 class=\"wp-block-heading\">Educational approach<\/h3>\n<ul>\n<li>Cette formation est bas\u00e9e \u00e0 la fois sur la th\u00e9orie et sur les meilleures pratiques utilis\u00e9es pour l\u2019int\u00e9gration du comportement responsable dans une organisation<\/li>\n<li>Provides lecture sessions are illustrated with practical exercises based on a case study which includes role-playing and discussions<\/li>\n<li>The participants are encouraged to communicate and engage in discussions and exercises.<\/li>\n<li>Prepare an organization to undergo a third-party certification audit<\/li>\n<\/ul>\n<h3 class=\"wp-block-heading\">Prerequisites<\/h3>\n<p>Knowledge of the essentials of the ISO 26000 standard and in-depth knowledge of issues and concerns relating to social responsibility.<\/p>","protected":false},"excerpt":{"rendered":"<p>Platea mauris in sit aliquam commodo ipsum, pharetra tempus proin diam metus eget quis lobortis commodo scelerisque etiam placerat amet, commodo tincidunt pellentesque porttitor elit est cras eu duis bibendum viverra eu est mattis vitae viverra vel non egestas commodo faucibus mi ipsum cursus euismod risus morbi ut.<\/p>","protected":false},"featured_media":1475,"comment_status":"open","ping_status":"closed","template":"","meta":{"site-sidebar-layout":"default","site-content-layout":"default","ast-site-content-layout":"default","site-content-style":"default","site-sidebar-style":"default","ast-global-header-display":"","ast-banner-title-visibility":"","ast-main-header-display":"","ast-hfb-above-header-display":"","ast-hfb-below-header-display":"","ast-hfb-mobile-header-display":"","site-post-title":"","ast-breadcrumbs-content":"","ast-featured-img":"","footer-sml-layout":"","ast-disable-related-posts":"","theme-transparent-header-meta":"default","adv-header-id-meta":"","stick-header-meta":"","header-above-stick-meta":"","header-main-stick-meta":"","header-below-stick-meta":"","astra-migrate-meta-layouts":"set","ast-page-background-enabled":"default","ast-page-background-meta":{"desktop":{"background-color":"","background-image":"","background-repeat":"repeat","background-position":"center center","background-size":"auto","background-attachment":"scroll","background-type":"","background-media":"","overlay-type":"","overlay-color":"","overlay-opacity":"","overlay-gradient":""},"tablet":{"background-color":"","background-image":"","background-repeat":"repeat","background-position":"center center","background-size":"auto","background-attachment":"scroll","background-type":"","background-media":"","overlay-type":"","overlay-color":"","overlay-opacity":"","overlay-gradient":""},"mobile":{"background-color":"","background-image":"","background-repeat":"repeat","background-position":"center center","background-size":"auto","background-attachment":"scroll","background-type":"","background-media":"","overlay-type":"","overlay-color":"","overlay-opacity":"","overlay-gradient":""}},"ast-content-background-meta":{"desktop":{"background-color":"var(--ast-global-color-5)","background-image":"","background-repeat":"repeat","background-position":"center center","background-size":"auto","background-attachment":"scroll","background-type":"","background-media":"","overlay-type":"","overlay-color":"","overlay-opacity":"","overlay-gradient":""},"tablet":{"background-color":"var(--ast-global-color-5)","background-image":"","background-repeat":"repeat","background-position":"center center","background-size":"auto","background-attachment":"scroll","background-type":"","background-media":"","overlay-type":"","overlay-color":"","overlay-opacity":"","overlay-gradient":""},"mobile":{"background-color":"var(--ast-global-color-5)","background-image":"","background-repeat":"repeat","background-position":"center center","background-size":"auto","background-attachment":"scroll","background-type":"","background-media":"","overlay-type":"","overlay-color":"","overlay-opacity":"","overlay-gradient":""}}},"product_brand":[],"product_cat":[36],"product_tag":[37,44,91,39],"class_list":{"0":"post-1202","1":"product","2":"type-product","3":"status-publish","4":"has-post-thumbnail","6":"product_cat-none","7":"product_tag-certification-iso","8":"product_tag-cybersecurity","9":"product_tag-pecb-iso-26000-lead-implementer","10":"product_tag-voucher","11":"desktop-align-left","12":"tablet-align-left","13":"mobile-align-left","15":"first","16":"instock","17":"sale","18":"taxable","19":"shipping-taxable","20":"purchasable","21":"product-type-simple"},"_links":{"self":[{"href":"https:\/\/kekeliacademy.com\/en\/wp-json\/wp\/v2\/product\/1202","targetHints":{"allow":["GET"]}}],"collection":[{"href":"https:\/\/kekeliacademy.com\/en\/wp-json\/wp\/v2\/product"}],"about":[{"href":"https:\/\/kekeliacademy.com\/en\/wp-json\/wp\/v2\/types\/product"}],"replies":[{"embeddable":true,"href":"https:\/\/kekeliacademy.com\/en\/wp-json\/wp\/v2\/comments?post=1202"}],"wp:featuredmedia":[{"embeddable":true,"href":"https:\/\/kekeliacademy.com\/en\/wp-json\/wp\/v2\/media\/1475"}],"wp:attachment":[{"href":"https:\/\/kekeliacademy.com\/en\/wp-json\/wp\/v2\/media?parent=1202"}],"wp:term":[{"taxonomy":"product_brand","embeddable":true,"href":"https:\/\/kekeliacademy.com\/en\/wp-json\/wp\/v2\/product_brand?post=1202"},{"taxonomy":"product_cat","embeddable":true,"href":"https:\/\/kekeliacademy.com\/en\/wp-json\/wp\/v2\/product_cat?post=1202"},{"taxonomy":"product_tag","embeddable":true,"href":"https:\/\/kekeliacademy.com\/en\/wp-json\/wp\/v2\/product_tag?post=1202"}],"curies":[{"name":"wp","href":"https:\/\/api.w.org\/{rel}","templated":true}]}}